{"id":5671,"date":"2025-11-24T12:18:45","date_gmt":"2025-11-24T11:18:45","guid":{"rendered":"https:\/\/www.thewedery.com\/es\/?page_id=5671"},"modified":"2025-11-24T12:27:54","modified_gmt":"2025-11-24T11:27:54","slug":"vuestro-dia","status":"publish","type":"page","link":"https:\/\/www.thewedery.com\/es\/vuestro-dia\/","title":{"rendered":"Vuestro d\u00eda"},"content":{"rendered":"\t\t<div data-elementor-type=\"wp-page\" data-elementor-id=\"5671\" class=\"elementor elementor-5671\" data-elementor-post-type=\"page\">\n\t\t\t\t<div class=\"elementor-element elementor-element-1e919a8 e-con-full e-flex e-con e-parent\" data-id=\"1e919a8\" data-element_type=\"container\" data-settings=\"{&quot;background_background&quot;:&quot;classic&quot;}\">\n\t\t\t\t<div class=\"elementor-element elementor-element-8cd4965 elementor-widget elementor-widget-heading\" data-id=\"8cd4965\" data-element_type=\"widget\" data-widget_type=\"heading.default\">\n\t\t\t\t\t<h1 class=\"elementor-heading-title elementor-size-default\">Vuestro d\u00eda<\/h1>\t\t\t\t<\/div>\n\t\t\t\t<\/div>\n\t\t<div class=\"elementor-element elementor-element-3703954 e-flex e-con-boxed e-con e-parent\" data-id=\"3703954\" data-element_type=\"container\">\n\t\t\t\t\t<div class=\"e-con-inner\">\n\t\t\t\t<div class=\"elementor-element elementor-element-f300e12 elementor-grid-2 elementor-grid-tablet-2 elementor-grid-mobile-1 elementor-widget elementor-widget-loop-grid\" data-id=\"f300e12\" data-element_type=\"widget\" data-settings=\"{&quot;template_id&quot;:5682,&quot;pagination_type&quot;:&quot;load_more_infinite_scroll&quot;,&quot;columns&quot;:2,&quot;masonry&quot;:&quot;yes&quot;,&quot;_skin&quot;:&quot;post&quot;,&quot;columns_tablet&quot;:&quot;2&quot;,&quot;columns_mobile&quot;:&quot;1&quot;,&quot;edit_handle_selector&quot;:&quot;[data-elementor-type=\\&quot;loop-item\\&quot;]&quot;,&quot;load_more_spinner&quot;:{&quot;value&quot;:&quot;fas fa-spinner&quot;,&quot;library&quot;:&quot;fa-solid&quot;},&quot;row_gap&quot;:{&quot;unit&quot;:&quot;px&quot;,&quot;size&quot;:&quot;&quot;,&quot;sizes&quot;:[]},&quot;row_gap_laptop&quot;:{&quot;unit&quot;:&quot;px&quot;,&quot;size&quot;:&quot;&quot;,&quot;sizes&quot;:[]},&quot;row_gap_tablet_extra&quot;:{&quot;unit&quot;:&quot;px&quot;,&quot;size&quot;:&quot;&quot;,&quot;sizes&quot;:[]},&quot;row_gap_tablet&quot;:{&quot;unit&quot;:&quot;px&quot;,&quot;size&quot;:&quot;&quot;,&quot;sizes&quot;:[]},&quot;row_gap_mobile_extra&quot;:{&quot;unit&quot;:&quot;px&quot;,&quot;size&quot;:&quot;&quot;,&quot;sizes&quot;:[]},&quot;row_gap_mobile&quot;:{&quot;unit&quot;:&quot;px&quot;,&quot;size&quot;:&quot;&quot;,&quot;sizes&quot;:[]}}\" data-widget_type=\"loop-grid.post\">\n\t\t\t\t\t\t\t<div class=\"elementor-loop-container elementor-grid\">\n\t\t<style id=\"loop-5682\">.elementor-5682 .elementor-element.elementor-element-8639c7e{--display:flex;}.elementor-5682 .elementor-element.elementor-element-f97255e{padding:20px 20px 0px 20px;text-align:center;}.elementor-5682 .elementor-element.elementor-element-f97255e .elementor-heading-title{font-family:\"Poppins\", Sans-serif;font-size:20px;font-weight:400;letter-spacing:0.5px;color:var( --e-global-color-accent );}.elementor-5682 .elementor-element.elementor-element-9bbd17d{margin:0px 0px calc(var(--kit-widget-spacing, 0px) + 0px) 0px;padding:10px 20px 20px 20px;color:var( --e-global-color-secondary );font-family:\"Poppins\", Sans-serif;font-size:14px;font-weight:400;letter-spacing:0.6px;}.elementor-5682 .elementor-element.elementor-element-2cb4a09 .elementor-button{background-color:#00000000;font-size:13px;fill:var( --e-global-color-primary );color:var( --e-global-color-primary );border-style:none;border-radius:0px 0px 0px 0px;padding:0px 0px 0px 0px;}.elementor-5682 .elementor-element.elementor-element-2cb4a09 .elementor-button-content-wrapper{flex-direction:row-reverse;}.elementor-5682 .elementor-element.elementor-element-2cb4a09 .elementor-button:hover, .elementor-5682 .elementor-element.elementor-element-2cb4a09 .elementor-button:focus{color:var( --e-global-color-secondary );}.elementor-5682 .elementor-element.elementor-element-2cb4a09 .elementor-button:hover svg, .elementor-5682 .elementor-element.elementor-element-2cb4a09 .elementor-button:focus svg{fill:var( --e-global-color-secondary );}@media(min-width:768px){.elementor-5682 .elementor-element.elementor-element-8639c7e{--width:100%;}}\/* Start custom CSS for theme-post-excerpt, class: .elementor-element-9bbd17d *\/.elementor-5682 .elementor-element.elementor-element-9bbd17d,\n.elementor-5682 .elementor-element.elementor-element-9bbd17d p {\n    font-family: \"proxima-nova\", Arial, Helvetica, sans-serif;\n    font-size: 1rem;\n    font-weight: 300;\n    line-height: 1.75rem;\n    color: #1d3145;\n    margin: 0 0 10px;\n}\/* End custom CSS *\/<\/style>\t\t<div data-elementor-type=\"loop-item\" data-elementor-id=\"5682\" class=\"elementor elementor-5682 e-loop-item e-loop-item-5612 post-5612 post type-post status-publish format-standard has-post-thumbnail hentry category-vuestro-dia\" data-elementor-post-type=\"elementor_library\" data-custom-edit-handle=\"1\">\n\t\t\t<div class=\"elementor-element elementor-element-8639c7e e-con-full e-flex e-con e-parent\" data-id=\"8639c7e\" data-element_type=\"container\">\n\t\t\t\t<div class=\"elementor-element elementor-element-8f8e068 elementor-widget elementor-widget-image\" data-id=\"8f8e068\" data-element_type=\"widget\" data-widget_type=\"image.default\">\n\t\t\t\t\t\t\t\t\t\t\t\t\t\t\t<img fetchpriority=\"high\" decoding=\"async\" width=\"580\" height=\"435\" src=\"https:\/\/www.thewedery.com\/wp\/wp-content\/uploads\/2025\/11\/DOBLE-ELE-STUDIO-FOTOGRAFIA-BODA-VILLA-Y-ESTHER-POST-164-1024x768.jpg\" class=\"attachment-large size-large wp-image-5619\" alt=\"\" srcset=\"https:\/\/www.thewedery.com\/wp\/wp-content\/uploads\/2025\/11\/DOBLE-ELE-STUDIO-FOTOGRAFIA-BODA-VILLA-Y-ESTHER-POST-164-1024x768.jpg 1024w, https:\/\/www.thewedery.com\/wp\/wp-content\/uploads\/2025\/11\/DOBLE-ELE-STUDIO-FOTOGRAFIA-BODA-VILLA-Y-ESTHER-POST-164-300x225.jpg 300w, https:\/\/www.thewedery.com\/wp\/wp-content\/uploads\/2025\/11\/DOBLE-ELE-STUDIO-FOTOGRAFIA-BODA-VILLA-Y-ESTHER-POST-164-768x576.jpg 768w, https:\/\/www.thewedery.com\/wp\/wp-content\/uploads\/2025\/11\/DOBLE-ELE-STUDIO-FOTOGRAFIA-BODA-VILLA-Y-ESTHER-POST-164-1536x1152.jpg 1536w, https:\/\/www.thewedery.com\/wp\/wp-content\/uploads\/2025\/11\/DOBLE-ELE-STUDIO-FOTOGRAFIA-BODA-VILLA-Y-ESTHER-POST-164-2048x1536.jpg 2048w\" sizes=\"(max-width: 580px) 100vw, 580px\" \/>\t\t\t\t\t\t\t\t\t\t\t\t\t\t\t<\/div>\n\t\t\t\t<div class=\"elementor-element elementor-element-f97255e elementor-widget elementor-widget-theme-post-title elementor-page-title elementor-widget-heading\" data-id=\"f97255e\" data-element_type=\"widget\" data-widget_type=\"theme-post-title.default\">\n\t\t\t\t\t<h1 class=\"elementor-heading-title elementor-size-default\">Mar\u00eda &#038; Jos\u00e9: un \u00abs\u00ed, quiero\u00bb de pura elegancia<\/h1>\t\t\t\t<\/div>\n\t\t\t\t<div class=\"elementor-element elementor-element-9bbd17d elementor-widget elementor-widget-theme-post-excerpt\" data-id=\"9bbd17d\" data-element_type=\"widget\" data-widget_type=\"theme-post-excerpt.default\">\n\t\t\t\t\t<p class=\"lead\">La elegancia no necesita estridencias, y la celebraci\u00f3n de Mar\u00eda y Jos\u00e9 fue la prueba palpable de ello. Dise\u00f1amos una atm\u00f3sfera donde la pureza del color blanco y la transparencia del cristal jugaron el papel protagonista, creando un entorno \u00edntimo, et\u00e9reo y absolutamente sofisticado para sus 160 invitados. Romance en\t\t\t\t<\/div>\n\t\t\t\t<div class=\"elementor-element elementor-element-2cb4a09 elementor-align-right elementor-widget elementor-widget-button\" data-id=\"2cb4a09\" data-element_type=\"widget\" data-widget_type=\"button.default\">\n\t\t\t\t\t\t\t\t\t\t<a class=\"elementor-button elementor-button-link elementor-size-sm\" href=\"https:\/\/www.thewedery.com\/es\/boda-maria-y-jose\/\">\n\t\t\t\t\t\t<span class=\"elementor-button-content-wrapper\">\n\t\t\t\t\t\t<span class=\"elementor-button-icon\">\n\t\t\t\t<svg xmlns=\"http:\/\/www.w3.org\/2000\/svg\" width=\"25\" height=\"25\" viewBox=\"0 0 25 25\" fill=\"none\"><path d=\"M14.9339 18.9555C14.7439 18.9555 14.5539 18.8855 14.4039 18.7355C14.1139 18.4455 14.1139 17.9655 14.4039 17.6755L19.9439 12.1355L14.4039 6.59549C14.1139 6.30549 14.1139 5.82549 14.4039 5.53549C14.6939 5.24549 15.1739 5.24549 15.4639 5.53549L21.5339 11.6055C21.8239 11.8955 21.8239 12.3755 21.5339 12.6655L15.4639 18.7355C15.3139 18.8855 15.1239 18.9555 14.9339 18.9555Z\" fill=\"#A2B6CE\"><\/path><path d=\"M20.8339 12.8855H4.00391C3.59391 12.8855 3.25391 12.5455 3.25391 12.1355C3.25391 11.7255 3.59391 11.3855 4.00391 11.3855H20.8339C21.2439 11.3855 21.5839 11.7255 21.5839 12.1355C21.5839 12.5455 21.2439 12.8855 20.8339 12.8855Z\" fill=\"#A2B6CE\"><\/path><\/svg>\t\t\t<\/span>\n\t\t\t\t\t\t\t\t\t<span class=\"elementor-button-text\">Leer completo<\/span>\n\t\t\t\t\t<\/span>\n\t\t\t\t\t<\/a>\n\t\t\t\t\t\t\t\t<\/div>\n\t\t\t\t<\/div>\n\t\t\t\t<\/div>\n\t\t\t\t<div data-elementor-type=\"loop-item\" data-elementor-id=\"5682\" class=\"elementor elementor-5682 e-loop-item e-loop-item-5585 post-5585 post type-post status-publish format-standard has-post-thumbnail hentry category-vuestro-dia\" data-elementor-post-type=\"elementor_library\" data-custom-edit-handle=\"1\">\n\t\t\t<div class=\"elementor-element elementor-element-8639c7e e-con-full e-flex e-con e-parent\" data-id=\"8639c7e\" data-element_type=\"container\">\n\t\t\t\t<div class=\"elementor-element elementor-element-8f8e068 elementor-widget elementor-widget-image\" data-id=\"8f8e068\" data-element_type=\"widget\" data-widget_type=\"image.default\">\n\t\t\t\t\t\t\t\t\t\t\t\t\t\t\t<img decoding=\"async\" width=\"580\" height=\"387\" src=\"https:\/\/www.thewedery.com\/wp\/wp-content\/uploads\/2025\/11\/1_1-1024x683.jpg\" class=\"attachment-large size-large wp-image-5591\" alt=\"\" srcset=\"https:\/\/www.thewedery.com\/wp\/wp-content\/uploads\/2025\/11\/1_1-1024x683.jpg 1024w, https:\/\/www.thewedery.com\/wp\/wp-content\/uploads\/2025\/11\/1_1-300x200.jpg 300w, https:\/\/www.thewedery.com\/wp\/wp-content\/uploads\/2025\/11\/1_1-768x512.jpg 768w, https:\/\/www.thewedery.com\/wp\/wp-content\/uploads\/2025\/11\/1_1-968x646.jpg 968w, https:\/\/www.thewedery.com\/wp\/wp-content\/uploads\/2025\/11\/1_1.jpg 1500w\" sizes=\"(max-width: 580px) 100vw, 580px\" \/>\t\t\t\t\t\t\t\t\t\t\t\t\t\t\t<\/div>\n\t\t\t\t<div class=\"elementor-element elementor-element-f97255e elementor-widget elementor-widget-theme-post-title elementor-page-title elementor-widget-heading\" data-id=\"f97255e\" data-element_type=\"widget\" data-widget_type=\"theme-post-title.default\">\n\t\t\t\t\t<h1 class=\"elementor-heading-title elementor-size-default\">Mar\u00eda Teresa &#038; Curro: celebrando el amor sincero<\/h1>\t\t\t\t<\/div>\n\t\t\t\t<div class=\"elementor-element elementor-element-9bbd17d elementor-widget elementor-widget-theme-post-excerpt\" data-id=\"9bbd17d\" data-element_type=\"widget\" data-widget_type=\"theme-post-excerpt.default\">\n\t\t\t\t\tLa magia de una celebraci\u00f3n se multiplica cuando la noche se convierte en escenario y cada detalle acompasa la historia de una pareja. En esta boda para 20 invitados, la luz, las flores y una est\u00e9tica muy cuidada dieron forma a una velada c\u00e1lida y envolvente.\t\t\t\t<\/div>\n\t\t\t\t<div class=\"elementor-element elementor-element-2cb4a09 elementor-align-right elementor-widget elementor-widget-button\" data-id=\"2cb4a09\" data-element_type=\"widget\" data-widget_type=\"button.default\">\n\t\t\t\t\t\t\t\t\t\t<a class=\"elementor-button elementor-button-link elementor-size-sm\" href=\"https:\/\/www.thewedery.com\/es\/boda-maria-teresa-y-curro\/\">\n\t\t\t\t\t\t<span class=\"elementor-button-content-wrapper\">\n\t\t\t\t\t\t<span class=\"elementor-button-icon\">\n\t\t\t\t<svg xmlns=\"http:\/\/www.w3.org\/2000\/svg\" width=\"25\" height=\"25\" viewBox=\"0 0 25 25\" fill=\"none\"><path d=\"M14.9339 18.9555C14.7439 18.9555 14.5539 18.8855 14.4039 18.7355C14.1139 18.4455 14.1139 17.9655 14.4039 17.6755L19.9439 12.1355L14.4039 6.59549C14.1139 6.30549 14.1139 5.82549 14.4039 5.53549C14.6939 5.24549 15.1739 5.24549 15.4639 5.53549L21.5339 11.6055C21.8239 11.8955 21.8239 12.3755 21.5339 12.6655L15.4639 18.7355C15.3139 18.8855 15.1239 18.9555 14.9339 18.9555Z\" fill=\"#A2B6CE\"><\/path><path d=\"M20.8339 12.8855H4.00391C3.59391 12.8855 3.25391 12.5455 3.25391 12.1355C3.25391 11.7255 3.59391 11.3855 4.00391 11.3855H20.8339C21.2439 11.3855 21.5839 11.7255 21.5839 12.1355C21.5839 12.5455 21.2439 12.8855 20.8339 12.8855Z\" fill=\"#A2B6CE\"><\/path><\/svg>\t\t\t<\/span>\n\t\t\t\t\t\t\t\t\t<span class=\"elementor-button-text\">Leer completo<\/span>\n\t\t\t\t\t<\/span>\n\t\t\t\t\t<\/a>\n\t\t\t\t\t\t\t\t<\/div>\n\t\t\t\t<\/div>\n\t\t\t\t<\/div>\n\t\t\t\t<div data-elementor-type=\"loop-item\" data-elementor-id=\"5682\" class=\"elementor elementor-5682 e-loop-item e-loop-item-3419 post-3419 post type-post status-publish format-standard has-post-thumbnail hentry category-vuestro-dia\" data-elementor-post-type=\"elementor_library\" data-custom-edit-handle=\"1\">\n\t\t\t<div class=\"elementor-element elementor-element-8639c7e e-con-full e-flex e-con e-parent\" data-id=\"8639c7e\" data-element_type=\"container\">\n\t\t\t\t<div class=\"elementor-element elementor-element-8f8e068 elementor-widget elementor-widget-image\" data-id=\"8f8e068\" data-element_type=\"widget\" data-widget_type=\"image.default\">\n\t\t\t\t\t\t\t\t\t\t\t\t\t\t\t<img decoding=\"async\" width=\"580\" height=\"387\" src=\"https:\/\/www.thewedery.com\/wp\/wp-content\/uploads\/2021\/09\/LAURA-Y-JORGE-484-1024x683.jpg\" class=\"attachment-large size-large wp-image-3395\" alt=\"\" srcset=\"https:\/\/www.thewedery.com\/wp\/wp-content\/uploads\/2021\/09\/LAURA-Y-JORGE-484-1024x683.jpg 1024w, https:\/\/www.thewedery.com\/wp\/wp-content\/uploads\/2021\/09\/LAURA-Y-JORGE-484-300x200.jpg 300w, https:\/\/www.thewedery.com\/wp\/wp-content\/uploads\/2021\/09\/LAURA-Y-JORGE-484.jpg 1200w\" sizes=\"(max-width: 580px) 100vw, 580px\" \/>\t\t\t\t\t\t\t\t\t\t\t\t\t\t\t<\/div>\n\t\t\t\t<div class=\"elementor-element elementor-element-f97255e elementor-widget elementor-widget-theme-post-title elementor-page-title elementor-widget-heading\" data-id=\"f97255e\" data-element_type=\"widget\" data-widget_type=\"theme-post-title.default\">\n\t\t\t\t\t<h1 class=\"elementor-heading-title elementor-size-default\">Bonita boda en Torre Bosch<\/h1>\t\t\t\t<\/div>\n\t\t\t\t<div class=\"elementor-element elementor-element-9bbd17d elementor-widget elementor-widget-theme-post-excerpt\" data-id=\"9bbd17d\" data-element_type=\"widget\" data-widget_type=\"theme-post-excerpt.default\">\n\t\t\t\t\t<p>Bienvenidos a nuestra boda!! Hoy estamos en Torre Bosch, una finca milenaria con una casa con mucha historia. La ceremonia civil estuvo amenizada por un violin y un piano. Los novios eligieron sus canciones m\u00e1s emotivas, creando una atmosphera m\u00e1gica. El coctel lo montamos al rededor de la piscina y\t\t\t\t<\/div>\n\t\t\t\t<div class=\"elementor-element elementor-element-2cb4a09 elementor-align-right elementor-widget elementor-widget-button\" data-id=\"2cb4a09\" data-element_type=\"widget\" data-widget_type=\"button.default\">\n\t\t\t\t\t\t\t\t\t\t<a class=\"elementor-button elementor-button-link elementor-size-sm\" href=\"https:\/\/www.thewedery.com\/es\/bonita-boda-en-torre-bosch\/\">\n\t\t\t\t\t\t<span class=\"elementor-button-content-wrapper\">\n\t\t\t\t\t\t<span class=\"elementor-button-icon\">\n\t\t\t\t<svg xmlns=\"http:\/\/www.w3.org\/2000\/svg\" width=\"25\" height=\"25\" viewBox=\"0 0 25 25\" fill=\"none\"><path d=\"M14.9339 18.9555C14.7439 18.9555 14.5539 18.8855 14.4039 18.7355C14.1139 18.4455 14.1139 17.9655 14.4039 17.6755L19.9439 12.1355L14.4039 6.59549C14.1139 6.30549 14.1139 5.82549 14.4039 5.53549C14.6939 5.24549 15.1739 5.24549 15.4639 5.53549L21.5339 11.6055C21.8239 11.8955 21.8239 12.3755 21.5339 12.6655L15.4639 18.7355C15.3139 18.8855 15.1239 18.9555 14.9339 18.9555Z\" fill=\"#A2B6CE\"><\/path><path d=\"M20.8339 12.8855H4.00391C3.59391 12.8855 3.25391 12.5455 3.25391 12.1355C3.25391 11.7255 3.59391 11.3855 4.00391 11.3855H20.8339C21.2439 11.3855 21.5839 11.7255 21.5839 12.1355C21.5839 12.5455 21.2439 12.8855 20.8339 12.8855Z\" fill=\"#A2B6CE\"><\/path><\/svg>\t\t\t<\/span>\n\t\t\t\t\t\t\t\t\t<span class=\"elementor-button-text\">Leer completo<\/span>\n\t\t\t\t\t<\/span>\n\t\t\t\t\t<\/a>\n\t\t\t\t\t\t\t\t<\/div>\n\t\t\t\t<\/div>\n\t\t\t\t<\/div>\n\t\t\t\t<\/div>\n\t\t\t\t\t<span class=\"e-load-more-spinner\">\n\t\t\t\t<svg aria-hidden=\"true\" class=\"e-font-icon-svg e-fas-spinner\" viewBox=\"0 0 512 512\" xmlns=\"http:\/\/www.w3.org\/2000\/svg\"><path d=\"M304 48c0 26.51-21.49 48-48 48s-48-21.49-48-48 21.49-48 48-48 48 21.49 48 48zm-48 368c-26.51 0-48 21.49-48 48s21.49 48 48 48 48-21.49 48-48-21.49-48-48-48zm208-208c-26.51 0-48 21.49-48 48s21.49 48 48 48 48-21.49 48-48-21.49-48-48-48zM96 256c0-26.51-21.49-48-48-48S0 229.49 0 256s21.49 48 48 48 48-21.49 48-48zm12.922 99.078c-26.51 0-48 21.49-48 48s21.49 48 48 48 48-21.49 48-48c0-26.509-21.491-48-48-48zm294.156 0c-26.51 0-48 21.49-48 48s21.49 48 48 48 48-21.49 48-48c0-26.509-21.49-48-48-48zM108.922 60.922c-26.51 0-48 21.49-48 48s21.49 48 48 48 48-21.49 48-48-21.491-48-48-48z\"><\/path><\/svg>\t\t\t<\/span>\n\t\t\n\t\t\t\t\t\t<\/div>\n\t\t\t\t\t<\/div>\n\t\t\t\t<\/div>\n\t\t\t\t<\/div>\n\t\t","protected":false},"excerpt":{"rendered":"","protected":false},"author":1,"featured_media":5590,"parent":0,"menu_order":0,"comment_status":"closed","ping_status":"closed","template":"elementor_header_footer","meta":{"footnotes":""},"class_list":["post-5671","page","type-page","status-publish","has-post-thumbnail","hentry"],"yoast_head":"<!-- This site is optimized with the Yoast SEO plugin v24.6 - https:\/\/yoast.com\/wordpress\/plugins\/seo\/ -->\n<title>Vuestro d\u00eda - The Wedery<\/title>\n<meta name=\"robots\" content=\"index, follow, max-snippet:-1, max-image-preview:large, max-video-preview:-1\" \/>\n<link rel=\"canonical\" href=\"https:\/\/www.thewedery.com\/es\/vuestro-dia\/\" \/>\n<meta property=\"og:locale\" content=\"es_ES\" \/>\n<meta property=\"og:type\" content=\"article\" \/>\n<meta property=\"og:title\" content=\"Vuestro d\u00eda - The Wedery\" \/>\n<meta property=\"og:url\" content=\"https:\/\/www.thewedery.com\/es\/vuestro-dia\/\" \/>\n<meta property=\"og:site_name\" content=\"The Wedery\" \/>\n<meta property=\"article:modified_time\" content=\"2025-11-24T11:27:54+00:00\" \/>\n<meta property=\"og:image\" content=\"https:\/\/www.thewedery.com\/wp\/wp-content\/uploads\/2025\/11\/1_22.jpg\" \/>\n\t<meta property=\"og:image:width\" content=\"1500\" \/>\n\t<meta property=\"og:image:height\" content=\"1000\" \/>\n\t<meta property=\"og:image:type\" content=\"image\/jpeg\" \/>\n<meta name=\"twitter:label1\" content=\"Tiempo de lectura\" \/>\n\t<meta name=\"twitter:data1\" content=\"1 minuto\" \/>\n<script type=\"application\/ld+json\" class=\"yoast-schema-graph\">{\"@context\":\"https:\/\/schema.org\",\"@graph\":[{\"@type\":\"WebPage\",\"@id\":\"https:\/\/www.thewedery.com\/es\/vuestro-dia\/\",\"url\":\"https:\/\/www.thewedery.com\/es\/vuestro-dia\/\",\"name\":\"Vuestro d\u00eda - The Wedery\",\"isPartOf\":{\"@id\":\"https:\/\/www.thewedery.com\/#website\"},\"primaryImageOfPage\":{\"@id\":\"https:\/\/www.thewedery.com\/es\/vuestro-dia\/#primaryimage\"},\"image\":{\"@id\":\"https:\/\/www.thewedery.com\/es\/vuestro-dia\/#primaryimage\"},\"thumbnailUrl\":\"https:\/\/www.thewedery.com\/wp\/wp-content\/uploads\/2025\/11\/1_22.jpg\",\"datePublished\":\"2025-11-24T11:18:45+00:00\",\"dateModified\":\"2025-11-24T11:27:54+00:00\",\"breadcrumb\":{\"@id\":\"https:\/\/www.thewedery.com\/es\/vuestro-dia\/#breadcrumb\"},\"inLanguage\":\"es\",\"potentialAction\":[{\"@type\":\"ReadAction\",\"target\":[\"https:\/\/www.thewedery.com\/es\/vuestro-dia\/\"]}]},{\"@type\":\"ImageObject\",\"inLanguage\":\"es\",\"@id\":\"https:\/\/www.thewedery.com\/es\/vuestro-dia\/#primaryimage\",\"url\":\"https:\/\/www.thewedery.com\/wp\/wp-content\/uploads\/2025\/11\/1_22.jpg\",\"contentUrl\":\"https:\/\/www.thewedery.com\/wp\/wp-content\/uploads\/2025\/11\/1_22.jpg\",\"width\":1500,\"height\":1000},{\"@type\":\"BreadcrumbList\",\"@id\":\"https:\/\/www.thewedery.com\/es\/vuestro-dia\/#breadcrumb\",\"itemListElement\":[{\"@type\":\"ListItem\",\"position\":1,\"name\":\"Home\",\"item\":\"https:\/\/www.thewedery.com\/es\/\"},{\"@type\":\"ListItem\",\"position\":2,\"name\":\"Vuestro d\u00eda\"}]},{\"@type\":\"WebSite\",\"@id\":\"https:\/\/www.thewedery.com\/#website\",\"url\":\"https:\/\/www.thewedery.com\/\",\"name\":\"The Wedery\",\"description\":\"Eventos sociales y corporativos en Alicante\",\"publisher\":{\"@id\":\"https:\/\/www.thewedery.com\/#organization\"},\"potentialAction\":[{\"@type\":\"SearchAction\",\"target\":{\"@type\":\"EntryPoint\",\"urlTemplate\":\"https:\/\/www.thewedery.com\/?s={search_term_string}\"},\"query-input\":{\"@type\":\"PropertyValueSpecification\",\"valueRequired\":true,\"valueName\":\"search_term_string\"}}],\"inLanguage\":\"es\"},{\"@type\":\"Organization\",\"@id\":\"https:\/\/www.thewedery.com\/#organization\",\"name\":\"The Wedery\",\"url\":\"https:\/\/www.thewedery.com\/\",\"logo\":{\"@type\":\"ImageObject\",\"inLanguage\":\"es\",\"@id\":\"https:\/\/www.thewedery.com\/#\/schema\/logo\/image\/\",\"url\":\"https:\/\/www.thewedery.com\/wp\/wp-content\/uploads\/2022\/03\/logo-admin.svg\",\"contentUrl\":\"https:\/\/www.thewedery.com\/wp\/wp-content\/uploads\/2022\/03\/logo-admin.svg\",\"caption\":\"The Wedery\"},\"image\":{\"@id\":\"https:\/\/www.thewedery.com\/#\/schema\/logo\/image\/\"}}]}<\/script>\n<!-- \/ Yoast SEO plugin. -->","yoast_head_json":{"title":"Vuestro d\u00eda - The Wedery","robots":{"index":"index","follow":"follow","max-snippet":"max-snippet:-1","max-image-preview":"max-image-preview:large","max-video-preview":"max-video-preview:-1"},"canonical":"https:\/\/www.thewedery.com\/es\/vuestro-dia\/","og_locale":"es_ES","og_type":"article","og_title":"Vuestro d\u00eda - The Wedery","og_url":"https:\/\/www.thewedery.com\/es\/vuestro-dia\/","og_site_name":"The Wedery","article_modified_time":"2025-11-24T11:27:54+00:00","og_image":[{"width":1500,"height":1000,"url":"https:\/\/www.thewedery.com\/wp\/wp-content\/uploads\/2025\/11\/1_22.jpg","type":"image\/jpeg"}],"twitter_misc":{"Tiempo de lectura":"1 minuto"},"schema":{"@context":"https:\/\/schema.org","@graph":[{"@type":"WebPage","@id":"https:\/\/www.thewedery.com\/es\/vuestro-dia\/","url":"https:\/\/www.thewedery.com\/es\/vuestro-dia\/","name":"Vuestro d\u00eda - The Wedery","isPartOf":{"@id":"https:\/\/www.thewedery.com\/#website"},"primaryImageOfPage":{"@id":"https:\/\/www.thewedery.com\/es\/vuestro-dia\/#primaryimage"},"image":{"@id":"https:\/\/www.thewedery.com\/es\/vuestro-dia\/#primaryimage"},"thumbnailUrl":"https:\/\/www.thewedery.com\/wp\/wp-content\/uploads\/2025\/11\/1_22.jpg","datePublished":"2025-11-24T11:18:45+00:00","dateModified":"2025-11-24T11:27:54+00:00","breadcrumb":{"@id":"https:\/\/www.thewedery.com\/es\/vuestro-dia\/#breadcrumb"},"inLanguage":"es","potentialAction":[{"@type":"ReadAction","target":["https:\/\/www.thewedery.com\/es\/vuestro-dia\/"]}]},{"@type":"ImageObject","inLanguage":"es","@id":"https:\/\/www.thewedery.com\/es\/vuestro-dia\/#primaryimage","url":"https:\/\/www.thewedery.com\/wp\/wp-content\/uploads\/2025\/11\/1_22.jpg","contentUrl":"https:\/\/www.thewedery.com\/wp\/wp-content\/uploads\/2025\/11\/1_22.jpg","width":1500,"height":1000},{"@type":"BreadcrumbList","@id":"https:\/\/www.thewedery.com\/es\/vuestro-dia\/#breadcrumb","itemListElement":[{"@type":"ListItem","position":1,"name":"Home","item":"https:\/\/www.thewedery.com\/es\/"},{"@type":"ListItem","position":2,"name":"Vuestro d\u00eda"}]},{"@type":"WebSite","@id":"https:\/\/www.thewedery.com\/#website","url":"https:\/\/www.thewedery.com\/","name":"The Wedery","description":"Eventos sociales y corporativos en Alicante","publisher":{"@id":"https:\/\/www.thewedery.com\/#organization"},"potentialAction":[{"@type":"SearchAction","target":{"@type":"EntryPoint","urlTemplate":"https:\/\/www.thewedery.com\/?s={search_term_string}"},"query-input":{"@type":"PropertyValueSpecification","valueRequired":true,"valueName":"search_term_string"}}],"inLanguage":"es"},{"@type":"Organization","@id":"https:\/\/www.thewedery.com\/#organization","name":"The Wedery","url":"https:\/\/www.thewedery.com\/","logo":{"@type":"ImageObject","inLanguage":"es","@id":"https:\/\/www.thewedery.com\/#\/schema\/logo\/image\/","url":"https:\/\/www.thewedery.com\/wp\/wp-content\/uploads\/2022\/03\/logo-admin.svg","contentUrl":"https:\/\/www.thewedery.com\/wp\/wp-content\/uploads\/2022\/03\/logo-admin.svg","caption":"The Wedery"},"image":{"@id":"https:\/\/www.thewedery.com\/#\/schema\/logo\/image\/"}}]}},"_links":{"self":[{"href":"https:\/\/www.thewedery.com\/es\/wp-json\/wp\/v2\/pages\/5671"}],"collection":[{"href":"https:\/\/www.thewedery.com\/es\/wp-json\/wp\/v2\/pages"}],"about":[{"href":"https:\/\/www.thewedery.com\/es\/wp-json\/wp\/v2\/types\/page"}],"author":[{"embeddable":true,"href":"https:\/\/www.thewedery.com\/es\/wp-json\/wp\/v2\/users\/1"}],"replies":[{"embeddable":true,"href":"https:\/\/www.thewedery.com\/es\/wp-json\/wp\/v2\/comments?post=5671"}],"version-history":[{"count":11,"href":"https:\/\/www.thewedery.com\/es\/wp-json\/wp\/v2\/pages\/5671\/revisions"}],"predecessor-version":[{"id":5693,"href":"https:\/\/www.thewedery.com\/es\/wp-json\/wp\/v2\/pages\/5671\/revisions\/5693"}],"wp:featuredmedia":[{"embeddable":true,"href":"https:\/\/www.thewedery.com\/es\/wp-json\/wp\/v2\/media\/5590"}],"wp:attachment":[{"href":"https:\/\/www.thewedery.com\/es\/wp-json\/wp\/v2\/media?parent=5671"}],"curies":[{"name":"wp","href":"https:\/\/api.w.org\/{rel}","templated":true}]}}