{"id":5,"date":"2016-01-25T08:46:42","date_gmt":"2016-01-25T08:46:42","guid":{"rendered":"http:\/\/local.adorapruebas.com:8888\/wedery\/htdocs\/?page_id=5"},"modified":"2025-09-02T12:31:25","modified_gmt":"2025-09-02T11:31:25","slug":"home","status":"publish","type":"page","link":"https:\/\/www.thewedery.com\/es\/","title":{"rendered":"Empresa de organizaci\u00f3n de eventos corporativos y sociales"},"content":{"rendered":"<div class=\"container-corporativo\"><a href=\"https:\/\/www.thewedery.com\/es\/eventos-para-empresas\/\" class=\"half left-P\"><\/p>\n<div class=\"overlay-P\"><\/div>\n<div class=\"text-P\">Evento corporativo.<\/div>\n<p class=\"lead\"><\/a><\/p>\n<p class=\"lead\"><a href=\"https:\/\/www.thewedery.com\/es\/eventos-para-empresas\/\" class=\"half left-P\"><\/a><a href=\"https:\/\/www.thewedery.com\/es\/eventos-sociales\" class=\"half right-P\"><\/a><\/p>\n<p><a href=\"https:\/\/www.thewedery.com\/es\/eventos-sociales\" class=\"half right-P\"><\/p>\n<div class=\"overlay-P\"><\/div>\n<div class=\"text-P\">Evento social.<\/div>\n<p><\/a><\/p>\n<p><a href=\"https:\/\/www.thewedery.com\/es\/eventos-sociales\" class=\"half right-P\"><\/a><\/p>\n<div class=\"center-box-P\">\n<h2>\u00bfQu\u00e9 tipo de evento quieres celebrar?<\/h2>\n<div class=\"logo-event\"><img decoding=\"async\" title=\"thewedery\" src=\"https:\/\/www.thewedery.com\/wp\/wp-content\/uploads\/2016\/01\/the-wedery-white.svg\" alt=\"thewedery\"><\/div>\n<\/div>\n<\/div>\n","protected":false},"excerpt":{"rendered":"<p>Evento corporativo. Evento social. \u00bfQu\u00e9 tipo de evento quieres celebrar?<\/p>\n","protected":false},"author":1,"featured_media":0,"parent":0,"menu_order":52,"comment_status":"closed","ping_status":"closed","template":"","meta":{"footnotes":""},"class_list":["post-5","page","type-page","status-publish","hentry"],"yoast_head":"<!-- This site is optimized with the Yoast SEO plugin v24.6 - https:\/\/yoast.com\/wordpress\/plugins\/seo\/ -->\n<title>Catering para Eventos. Tu boda en el Mediterr\u00e1neo | The Wedery<\/title>\n<meta name=\"description\" content=\"Organizamos eventos y bodas en Alicante, avalados por 25 a\u00f1os de experiencia y m\u00e1s de 2.000 bodas. \u00a1Celebra el amor con nuestro Catering!\" \/>\n<meta name=\"robots\" content=\"index, follow, max-snippet:-1, max-image-preview:large, max-video-preview:-1\" \/>\n<link rel=\"canonical\" href=\"https:\/\/www.thewedery.com\/es\/\" \/>\n<meta property=\"og:locale\" content=\"es_ES\" \/>\n<meta property=\"og:type\" content=\"article\" \/>\n<meta property=\"og:title\" content=\"Catering para Eventos. Tu boda en el Mediterr\u00e1neo | The Wedery\" \/>\n<meta property=\"og:description\" content=\"Organizamos eventos y bodas en Alicante, avalados por 25 a\u00f1os de experiencia y m\u00e1s de 2.000 bodas. \u00a1Celebra el amor con nuestro Catering!\" \/>\n<meta property=\"og:url\" content=\"https:\/\/www.thewedery.com\/es\/\" \/>\n<meta property=\"og:site_name\" content=\"The Wedery\" \/>\n<meta property=\"article:modified_time\" content=\"2025-09-02T11:31:25+00:00\" \/>\n<meta property=\"og:image\" content=\"https:\/\/www.thewedery.com\/wp\/wp-content\/uploads\/2016\/01\/the-wedery-white.svg\" \/>\n<meta name=\"twitter:label1\" content=\"Tiempo de lectura\" \/>\n\t<meta name=\"twitter:data1\" content=\"1 minuto\" \/>\n<script type=\"application\/ld+json\" class=\"yoast-schema-graph\">{\"@context\":\"https:\/\/schema.org\",\"@graph\":[{\"@type\":\"WebPage\",\"@id\":\"https:\/\/www.thewedery.com\/es\/\",\"url\":\"https:\/\/www.thewedery.com\/es\/\",\"name\":\"Catering para Eventos. Tu boda en el Mediterr\u00e1neo | The Wedery\",\"isPartOf\":{\"@id\":\"https:\/\/www.thewedery.com\/#website\"},\"primaryImageOfPage\":{\"@id\":\"https:\/\/www.thewedery.com\/es\/#primaryimage\"},\"image\":{\"@id\":\"https:\/\/www.thewedery.com\/es\/#primaryimage\"},\"thumbnailUrl\":\"https:\/\/www.thewedery.com\/wp\/wp-content\/uploads\/2016\/01\/the-wedery-white.svg\",\"datePublished\":\"2016-01-25T08:46:42+00:00\",\"dateModified\":\"2025-09-02T11:31:25+00:00\",\"description\":\"Organizamos eventos y bodas en Alicante, avalados por 25 a\u00f1os de experiencia y m\u00e1s de 2.000 bodas. \u00a1Celebra el amor con nuestro Catering!\",\"breadcrumb\":{\"@id\":\"https:\/\/www.thewedery.com\/es\/#breadcrumb\"},\"inLanguage\":\"es\",\"potentialAction\":[{\"@type\":\"ReadAction\",\"target\":[\"https:\/\/www.thewedery.com\/es\/\"]}]},{\"@type\":\"ImageObject\",\"inLanguage\":\"es\",\"@id\":\"https:\/\/www.thewedery.com\/es\/#primaryimage\",\"url\":\"https:\/\/www.thewedery.com\/wp\/wp-content\/uploads\/2016\/01\/the-wedery-white.svg\",\"contentUrl\":\"https:\/\/www.thewedery.com\/wp\/wp-content\/uploads\/2016\/01\/the-wedery-white.svg\"},{\"@type\":\"BreadcrumbList\",\"@id\":\"https:\/\/www.thewedery.com\/es\/#breadcrumb\",\"itemListElement\":[{\"@type\":\"ListItem\",\"position\":1,\"name\":\"Home\",\"item\":\"https:\/\/www.thewedery.com\/es\/\"},{\"@type\":\"ListItem\",\"position\":2,\"name\":\"Empresa de organizaci\u00f3n de eventos corporativos y sociales\"}]},{\"@type\":\"WebSite\",\"@id\":\"https:\/\/www.thewedery.com\/#website\",\"url\":\"https:\/\/www.thewedery.com\/\",\"name\":\"The Wedery\",\"description\":\"Eventos sociales y corporativos en Alicante\",\"publisher\":{\"@id\":\"https:\/\/www.thewedery.com\/#organization\"},\"potentialAction\":[{\"@type\":\"SearchAction\",\"target\":{\"@type\":\"EntryPoint\",\"urlTemplate\":\"https:\/\/www.thewedery.com\/?s={search_term_string}\"},\"query-input\":{\"@type\":\"PropertyValueSpecification\",\"valueRequired\":true,\"valueName\":\"search_term_string\"}}],\"inLanguage\":\"es\"},{\"@type\":\"Organization\",\"@id\":\"https:\/\/www.thewedery.com\/#organization\",\"name\":\"The Wedery\",\"url\":\"https:\/\/www.thewedery.com\/\",\"logo\":{\"@type\":\"ImageObject\",\"inLanguage\":\"es\",\"@id\":\"https:\/\/www.thewedery.com\/#\/schema\/logo\/image\/\",\"url\":\"https:\/\/www.thewedery.com\/wp\/wp-content\/uploads\/2022\/03\/logo-admin.svg\",\"contentUrl\":\"https:\/\/www.thewedery.com\/wp\/wp-content\/uploads\/2022\/03\/logo-admin.svg\",\"caption\":\"The Wedery\"},\"image\":{\"@id\":\"https:\/\/www.thewedery.com\/#\/schema\/logo\/image\/\"}}]}<\/script>\n<!-- \/ Yoast SEO plugin. -->","yoast_head_json":{"title":"Catering para Eventos. Tu boda en el Mediterr\u00e1neo | The Wedery","description":"Organizamos eventos y bodas en Alicante, avalados por 25 a\u00f1os de experiencia y m\u00e1s de 2.000 bodas. \u00a1Celebra el amor con nuestro Catering!","robots":{"index":"index","follow":"follow","max-snippet":"max-snippet:-1","max-image-preview":"max-image-preview:large","max-video-preview":"max-video-preview:-1"},"canonical":"https:\/\/www.thewedery.com\/es\/","og_locale":"es_ES","og_type":"article","og_title":"Catering para Eventos. Tu boda en el Mediterr\u00e1neo | The Wedery","og_description":"Organizamos eventos y bodas en Alicante, avalados por 25 a\u00f1os de experiencia y m\u00e1s de 2.000 bodas. \u00a1Celebra el amor con nuestro Catering!","og_url":"https:\/\/www.thewedery.com\/es\/","og_site_name":"The Wedery","article_modified_time":"2025-09-02T11:31:25+00:00","og_image":[{"url":"https:\/\/www.thewedery.com\/wp\/wp-content\/uploads\/2016\/01\/the-wedery-white.svg","type":"","width":"","height":""}],"twitter_misc":{"Tiempo de lectura":"1 minuto"},"schema":{"@context":"https:\/\/schema.org","@graph":[{"@type":"WebPage","@id":"https:\/\/www.thewedery.com\/es\/","url":"https:\/\/www.thewedery.com\/es\/","name":"Catering para Eventos. Tu boda en el Mediterr\u00e1neo | The Wedery","isPartOf":{"@id":"https:\/\/www.thewedery.com\/#website"},"primaryImageOfPage":{"@id":"https:\/\/www.thewedery.com\/es\/#primaryimage"},"image":{"@id":"https:\/\/www.thewedery.com\/es\/#primaryimage"},"thumbnailUrl":"https:\/\/www.thewedery.com\/wp\/wp-content\/uploads\/2016\/01\/the-wedery-white.svg","datePublished":"2016-01-25T08:46:42+00:00","dateModified":"2025-09-02T11:31:25+00:00","description":"Organizamos eventos y bodas en Alicante, avalados por 25 a\u00f1os de experiencia y m\u00e1s de 2.000 bodas. \u00a1Celebra el amor con nuestro Catering!","breadcrumb":{"@id":"https:\/\/www.thewedery.com\/es\/#breadcrumb"},"inLanguage":"es","potentialAction":[{"@type":"ReadAction","target":["https:\/\/www.thewedery.com\/es\/"]}]},{"@type":"ImageObject","inLanguage":"es","@id":"https:\/\/www.thewedery.com\/es\/#primaryimage","url":"https:\/\/www.thewedery.com\/wp\/wp-content\/uploads\/2016\/01\/the-wedery-white.svg","contentUrl":"https:\/\/www.thewedery.com\/wp\/wp-content\/uploads\/2016\/01\/the-wedery-white.svg"},{"@type":"BreadcrumbList","@id":"https:\/\/www.thewedery.com\/es\/#breadcrumb","itemListElement":[{"@type":"ListItem","position":1,"name":"Home","item":"https:\/\/www.thewedery.com\/es\/"},{"@type":"ListItem","position":2,"name":"Empresa de organizaci\u00f3n de eventos corporativos y sociales"}]},{"@type":"WebSite","@id":"https:\/\/www.thewedery.com\/#website","url":"https:\/\/www.thewedery.com\/","name":"The Wedery","description":"Eventos sociales y corporativos en Alicante","publisher":{"@id":"https:\/\/www.thewedery.com\/#organization"},"potentialAction":[{"@type":"SearchAction","target":{"@type":"EntryPoint","urlTemplate":"https:\/\/www.thewedery.com\/?s={search_term_string}"},"query-input":{"@type":"PropertyValueSpecification","valueRequired":true,"valueName":"search_term_string"}}],"inLanguage":"es"},{"@type":"Organization","@id":"https:\/\/www.thewedery.com\/#organization","name":"The Wedery","url":"https:\/\/www.thewedery.com\/","logo":{"@type":"ImageObject","inLanguage":"es","@id":"https:\/\/www.thewedery.com\/#\/schema\/logo\/image\/","url":"https:\/\/www.thewedery.com\/wp\/wp-content\/uploads\/2022\/03\/logo-admin.svg","contentUrl":"https:\/\/www.thewedery.com\/wp\/wp-content\/uploads\/2022\/03\/logo-admin.svg","caption":"The Wedery"},"image":{"@id":"https:\/\/www.thewedery.com\/#\/schema\/logo\/image\/"}}]}},"_links":{"self":[{"href":"https:\/\/www.thewedery.com\/es\/wp-json\/wp\/v2\/pages\/5"}],"collection":[{"href":"https:\/\/www.thewedery.com\/es\/wp-json\/wp\/v2\/pages"}],"about":[{"href":"https:\/\/www.thewedery.com\/es\/wp-json\/wp\/v2\/types\/page"}],"author":[{"embeddable":true,"href":"https:\/\/www.thewedery.com\/es\/wp-json\/wp\/v2\/users\/1"}],"replies":[{"embeddable":true,"href":"https:\/\/www.thewedery.com\/es\/wp-json\/wp\/v2\/comments?post=5"}],"version-history":[{"count":18,"href":"https:\/\/www.thewedery.com\/es\/wp-json\/wp\/v2\/pages\/5\/revisions"}],"predecessor-version":[{"id":5526,"href":"https:\/\/www.thewedery.com\/es\/wp-json\/wp\/v2\/pages\/5\/revisions\/5526"}],"wp:attachment":[{"href":"https:\/\/www.thewedery.com\/es\/wp-json\/wp\/v2\/media?parent=5"}],"curies":[{"name":"wp","href":"https:\/\/api.w.org\/{rel}","templated":true}]}}