{"id":4318,"date":"2025-02-19T10:16:07","date_gmt":"2025-02-19T09:16:07","guid":{"rendered":"https:\/\/www.thewedery.com\/es\/?page_id=4318"},"modified":"2025-02-19T10:16:07","modified_gmt":"2025-02-19T09:16:07","slug":"organizacion-de-eventos-coffee-break-para-empresas","status":"publish","type":"page","link":"https:\/\/www.thewedery.com\/es\/organizacion-de-eventos-coffee-break-para-empresas\/","title":{"rendered":"Organizaci\u00f3n de eventos coffee break para empresas"},"content":{"rendered":"<p style=\"text-align: center;\" class=\"lead\"><span style=\"font-weight: 400;\">En The Wedery sabemos que un evento para empresas requiere atenci\u00f3n a cada detalle, y la gastronom\u00eda es un elemento clave para generar una experiencia memorable.\u00a0<\/span><\/p>\n<p style=\"text-align: center;\"><span style=\"font-weight: 400;\">Un <\/span><b>evento coffee break<\/b><span style=\"font-weight: 400;\"> de networking<\/span><span style=\"font-weight: 400;\"> bien organizado no solo es un momento de reuni\u00f3n y descanso en medio de una conferencia o unas jornadas de convivencia, sino tambi\u00e9n una oportunidad para fomentar conexiones y revitalizar a los asistentes. Para poder aprovecharla al m\u00e1ximo, en The Wedery nos encargamos de <\/span><b>organizar eventos de coffee break para empresas<\/b><span style=\"font-weight: 400;\">, ofreciendo un servicio impecable con productos de alta calidad y una presentaci\u00f3n cuidada al m\u00e1ximo.<\/span><\/p>\n","protected":false},"excerpt":{"rendered":"<p>En The Wedery sabemos que un evento para empresas requiere atenci\u00f3n a cada detalle, y la gastronom\u00eda es un elemento clave para generar una experiencia memorable.\u00a0 Un evento coffee break de networking bien organizado no solo es un momento de reuni\u00f3n y descanso en medio de una conferencia o unas jornadas de convivencia, sino tambi\u00e9n&#8230;  <a href=\"https:\/\/www.thewedery.com\/es\/organizacion-de-eventos-coffee-break-para-empresas\/\" class=\"more-link\" title=\"Read Organizaci\u00f3n de eventos coffee break para empresas\">Read more &raquo;<\/a><\/p>\n","protected":false},"author":1,"featured_media":3402,"parent":0,"menu_order":0,"comment_status":"closed","ping_status":"closed","template":"","meta":{"footnotes":""},"class_list":["post-4318","page","type-page","status-publish","has-post-thumbnail","hentry"],"yoast_head":"<!-- This site is optimized with the Yoast SEO plugin v24.6 - https:\/\/yoast.com\/wordpress\/plugins\/seo\/ -->\n<title>Organizaci\u00f3n de eventos coffee break para empresas - The Wedery<\/title>\n<meta name=\"robots\" content=\"index, follow, max-snippet:-1, max-image-preview:large, max-video-preview:-1\" \/>\n<link rel=\"canonical\" href=\"https:\/\/www.thewedery.com\/es\/organizacion-de-eventos-coffee-break-para-empresas\/\" \/>\n<meta property=\"og:locale\" content=\"es_ES\" \/>\n<meta property=\"og:type\" content=\"article\" \/>\n<meta property=\"og:title\" content=\"Organizaci\u00f3n de eventos coffee break para empresas - The Wedery\" \/>\n<meta property=\"og:description\" content=\"En The Wedery sabemos que un evento para empresas requiere atenci\u00f3n a cada detalle, y la gastronom\u00eda es un elemento clave para generar una experiencia memorable.\u00a0 Un evento coffee break de networking bien organizado no solo es un momento de reuni\u00f3n y descanso en medio de una conferencia o unas jornadas de convivencia, sino tambi\u00e9n... Read more &raquo;\" \/>\n<meta property=\"og:url\" content=\"https:\/\/www.thewedery.com\/es\/organizacion-de-eventos-coffee-break-para-empresas\/\" \/>\n<meta property=\"og:site_name\" content=\"The Wedery\" \/>\n<meta property=\"og:image\" content=\"https:\/\/www.thewedery.com\/wp\/wp-content\/uploads\/2021\/09\/LAURA-Y-JORGE-921.jpg\" \/>\n\t<meta property=\"og:image:width\" content=\"1200\" \/>\n\t<meta property=\"og:image:height\" content=\"800\" \/>\n\t<meta property=\"og:image:type\" content=\"image\/jpeg\" \/>\n<meta name=\"twitter:label1\" content=\"Tiempo de lectura\" \/>\n\t<meta name=\"twitter:data1\" content=\"1 minuto\" \/>\n<script type=\"application\/ld+json\" class=\"yoast-schema-graph\">{\"@context\":\"https:\/\/schema.org\",\"@graph\":[{\"@type\":\"WebPage\",\"@id\":\"https:\/\/www.thewedery.com\/es\/organizacion-de-eventos-coffee-break-para-empresas\/\",\"url\":\"https:\/\/www.thewedery.com\/es\/organizacion-de-eventos-coffee-break-para-empresas\/\",\"name\":\"Organizaci\u00f3n de eventos coffee break para empresas - The Wedery\",\"isPartOf\":{\"@id\":\"https:\/\/www.thewedery.com\/#website\"},\"primaryImageOfPage\":{\"@id\":\"https:\/\/www.thewedery.com\/es\/organizacion-de-eventos-coffee-break-para-empresas\/#primaryimage\"},\"image\":{\"@id\":\"https:\/\/www.thewedery.com\/es\/organizacion-de-eventos-coffee-break-para-empresas\/#primaryimage\"},\"thumbnailUrl\":\"https:\/\/www.thewedery.com\/wp\/wp-content\/uploads\/2021\/09\/LAURA-Y-JORGE-921.jpg\",\"datePublished\":\"2025-02-19T09:16:07+00:00\",\"breadcrumb\":{\"@id\":\"https:\/\/www.thewedery.com\/es\/organizacion-de-eventos-coffee-break-para-empresas\/#breadcrumb\"},\"inLanguage\":\"es\",\"potentialAction\":[{\"@type\":\"ReadAction\",\"target\":[\"https:\/\/www.thewedery.com\/es\/organizacion-de-eventos-coffee-break-para-empresas\/\"]}]},{\"@type\":\"ImageObject\",\"inLanguage\":\"es\",\"@id\":\"https:\/\/www.thewedery.com\/es\/organizacion-de-eventos-coffee-break-para-empresas\/#primaryimage\",\"url\":\"https:\/\/www.thewedery.com\/wp\/wp-content\/uploads\/2021\/09\/LAURA-Y-JORGE-921.jpg\",\"contentUrl\":\"https:\/\/www.thewedery.com\/wp\/wp-content\/uploads\/2021\/09\/LAURA-Y-JORGE-921.jpg\",\"width\":1200,\"height\":800},{\"@type\":\"BreadcrumbList\",\"@id\":\"https:\/\/www.thewedery.com\/es\/organizacion-de-eventos-coffee-break-para-empresas\/#breadcrumb\",\"itemListElement\":[{\"@type\":\"ListItem\",\"position\":1,\"name\":\"Home\",\"item\":\"https:\/\/www.thewedery.com\/es\/\"},{\"@type\":\"ListItem\",\"position\":2,\"name\":\"Organizaci\u00f3n de eventos coffee break para empresas\"}]},{\"@type\":\"WebSite\",\"@id\":\"https:\/\/www.thewedery.com\/#website\",\"url\":\"https:\/\/www.thewedery.com\/\",\"name\":\"The Wedery\",\"description\":\"Eventos sociales y corporativos en Alicante\",\"publisher\":{\"@id\":\"https:\/\/www.thewedery.com\/#organization\"},\"potentialAction\":[{\"@type\":\"SearchAction\",\"target\":{\"@type\":\"EntryPoint\",\"urlTemplate\":\"https:\/\/www.thewedery.com\/?s={search_term_string}\"},\"query-input\":{\"@type\":\"PropertyValueSpecification\",\"valueRequired\":true,\"valueName\":\"search_term_string\"}}],\"inLanguage\":\"es\"},{\"@type\":\"Organization\",\"@id\":\"https:\/\/www.thewedery.com\/#organization\",\"name\":\"The Wedery\",\"url\":\"https:\/\/www.thewedery.com\/\",\"logo\":{\"@type\":\"ImageObject\",\"inLanguage\":\"es\",\"@id\":\"https:\/\/www.thewedery.com\/#\/schema\/logo\/image\/\",\"url\":\"https:\/\/www.thewedery.com\/wp\/wp-content\/uploads\/2022\/03\/logo-admin.svg\",\"contentUrl\":\"https:\/\/www.thewedery.com\/wp\/wp-content\/uploads\/2022\/03\/logo-admin.svg\",\"caption\":\"The Wedery\"},\"image\":{\"@id\":\"https:\/\/www.thewedery.com\/#\/schema\/logo\/image\/\"}}]}<\/script>\n<!-- \/ Yoast SEO plugin. -->","yoast_head_json":{"title":"Organizaci\u00f3n de eventos coffee break para empresas - The Wedery","robots":{"index":"index","follow":"follow","max-snippet":"max-snippet:-1","max-image-preview":"max-image-preview:large","max-video-preview":"max-video-preview:-1"},"canonical":"https:\/\/www.thewedery.com\/es\/organizacion-de-eventos-coffee-break-para-empresas\/","og_locale":"es_ES","og_type":"article","og_title":"Organizaci\u00f3n de eventos coffee break para empresas - The Wedery","og_description":"En The Wedery sabemos que un evento para empresas requiere atenci\u00f3n a cada detalle, y la gastronom\u00eda es un elemento clave para generar una experiencia memorable.\u00a0 Un evento coffee break de networking bien organizado no solo es un momento de reuni\u00f3n y descanso en medio de una conferencia o unas jornadas de convivencia, sino tambi\u00e9n... Read more &raquo;","og_url":"https:\/\/www.thewedery.com\/es\/organizacion-de-eventos-coffee-break-para-empresas\/","og_site_name":"The Wedery","og_image":[{"width":1200,"height":800,"url":"https:\/\/www.thewedery.com\/wp\/wp-content\/uploads\/2021\/09\/LAURA-Y-JORGE-921.jpg","type":"image\/jpeg"}],"twitter_misc":{"Tiempo de lectura":"1 minuto"},"schema":{"@context":"https:\/\/schema.org","@graph":[{"@type":"WebPage","@id":"https:\/\/www.thewedery.com\/es\/organizacion-de-eventos-coffee-break-para-empresas\/","url":"https:\/\/www.thewedery.com\/es\/organizacion-de-eventos-coffee-break-para-empresas\/","name":"Organizaci\u00f3n de eventos coffee break para empresas - The Wedery","isPartOf":{"@id":"https:\/\/www.thewedery.com\/#website"},"primaryImageOfPage":{"@id":"https:\/\/www.thewedery.com\/es\/organizacion-de-eventos-coffee-break-para-empresas\/#primaryimage"},"image":{"@id":"https:\/\/www.thewedery.com\/es\/organizacion-de-eventos-coffee-break-para-empresas\/#primaryimage"},"thumbnailUrl":"https:\/\/www.thewedery.com\/wp\/wp-content\/uploads\/2021\/09\/LAURA-Y-JORGE-921.jpg","datePublished":"2025-02-19T09:16:07+00:00","breadcrumb":{"@id":"https:\/\/www.thewedery.com\/es\/organizacion-de-eventos-coffee-break-para-empresas\/#breadcrumb"},"inLanguage":"es","potentialAction":[{"@type":"ReadAction","target":["https:\/\/www.thewedery.com\/es\/organizacion-de-eventos-coffee-break-para-empresas\/"]}]},{"@type":"ImageObject","inLanguage":"es","@id":"https:\/\/www.thewedery.com\/es\/organizacion-de-eventos-coffee-break-para-empresas\/#primaryimage","url":"https:\/\/www.thewedery.com\/wp\/wp-content\/uploads\/2021\/09\/LAURA-Y-JORGE-921.jpg","contentUrl":"https:\/\/www.thewedery.com\/wp\/wp-content\/uploads\/2021\/09\/LAURA-Y-JORGE-921.jpg","width":1200,"height":800},{"@type":"BreadcrumbList","@id":"https:\/\/www.thewedery.com\/es\/organizacion-de-eventos-coffee-break-para-empresas\/#breadcrumb","itemListElement":[{"@type":"ListItem","position":1,"name":"Home","item":"https:\/\/www.thewedery.com\/es\/"},{"@type":"ListItem","position":2,"name":"Organizaci\u00f3n de eventos coffee break para empresas"}]},{"@type":"WebSite","@id":"https:\/\/www.thewedery.com\/#website","url":"https:\/\/www.thewedery.com\/","name":"The Wedery","description":"Eventos sociales y corporativos en Alicante","publisher":{"@id":"https:\/\/www.thewedery.com\/#organization"},"potentialAction":[{"@type":"SearchAction","target":{"@type":"EntryPoint","urlTemplate":"https:\/\/www.thewedery.com\/?s={search_term_string}"},"query-input":{"@type":"PropertyValueSpecification","valueRequired":true,"valueName":"search_term_string"}}],"inLanguage":"es"},{"@type":"Organization","@id":"https:\/\/www.thewedery.com\/#organization","name":"The Wedery","url":"https:\/\/www.thewedery.com\/","logo":{"@type":"ImageObject","inLanguage":"es","@id":"https:\/\/www.thewedery.com\/#\/schema\/logo\/image\/","url":"https:\/\/www.thewedery.com\/wp\/wp-content\/uploads\/2022\/03\/logo-admin.svg","contentUrl":"https:\/\/www.thewedery.com\/wp\/wp-content\/uploads\/2022\/03\/logo-admin.svg","caption":"The Wedery"},"image":{"@id":"https:\/\/www.thewedery.com\/#\/schema\/logo\/image\/"}}]}},"_links":{"self":[{"href":"https:\/\/www.thewedery.com\/es\/wp-json\/wp\/v2\/pages\/4318"}],"collection":[{"href":"https:\/\/www.thewedery.com\/es\/wp-json\/wp\/v2\/pages"}],"about":[{"href":"https:\/\/www.thewedery.com\/es\/wp-json\/wp\/v2\/types\/page"}],"author":[{"embeddable":true,"href":"https:\/\/www.thewedery.com\/es\/wp-json\/wp\/v2\/users\/1"}],"replies":[{"embeddable":true,"href":"https:\/\/www.thewedery.com\/es\/wp-json\/wp\/v2\/comments?post=4318"}],"version-history":[{"count":1,"href":"https:\/\/www.thewedery.com\/es\/wp-json\/wp\/v2\/pages\/4318\/revisions"}],"predecessor-version":[{"id":4320,"href":"https:\/\/www.thewedery.com\/es\/wp-json\/wp\/v2\/pages\/4318\/revisions\/4320"}],"wp:featuredmedia":[{"embeddable":true,"href":"https:\/\/www.thewedery.com\/es\/wp-json\/wp\/v2\/media\/3402"}],"wp:attachment":[{"href":"https:\/\/www.thewedery.com\/es\/wp-json\/wp\/v2\/media?parent=4318"}],"curies":[{"name":"wp","href":"https:\/\/api.w.org\/{rel}","templated":true}]}}