{"id":314,"date":"2016-02-16T16:44:57","date_gmt":"2016-02-16T16:44:57","guid":{"rendered":"http:\/\/local.adorapruebas.com:8888\/wedery\/htdocs\/?page_id=314"},"modified":"2022-05-02T15:12:22","modified_gmt":"2022-05-02T14:12:22","slug":"the-packs","status":"publish","type":"page","link":"https:\/\/www.thewedery.com\/es\/the-packs\/","title":{"rendered":"The Packs"},"content":{"rendered":"<h2 style=\"text-align: center;\">\u00a1Cree su propio paquete de bodas en Espa\u00f1a y no se pierda nada!<\/h2>\n<p style=\"text-align: center;\" class=\"lead\">Somos organizadores de bodas profesionales con experiencia y recursos para personalizar tu boda a tu gusto, cuidando cada peque\u00f1o detalle y dando vida a cada una de tus ideas para una celebraci\u00f3n \u00fanica.<\/p>\n<p style=\"text-align: center;\">\u00bfBuscas una experiencia \u00fanica y personalizada? Ahora puede preparar su propio paquete de bodas en Espa\u00f1a. Puede elegir el lugar de celebraci\u00f3n, el men\u00fa y los servicios adicionales, como las flores, la fotograf\u00eda y mucho m\u00e1s. Cada paquete de boda en Espa\u00f1a puede tener diferentes servicios, y usted puede crear tantos como quiera hasta encontrar el que se adapte a sus necesidades.<\/p>\n<p style=\"text-align: center;\">Hemos creado este creador de paquetes de boda en Espa\u00f1a enfocado a que casarse en el extranjero sea sencillo y f\u00e1cil. Gracias a The Wedery, tendr\u00e1s una experiencia libre de estr\u00e9s al organizar el d\u00eda de tu boda. Le guiaremos en todas las decisiones y dudas que pueda tener.<\/p>\n<h2 style=\"text-align: center;\">\u00bfC\u00f3mo puedo crear la boda de mis sue\u00f1os en minutos?<\/h2>\n<p style=\"text-align: center;\">Cada novio y cada novia son \u00fanicos, y por eso ofrecemos paquetes de boda en Espa\u00f1a personalizados con diferentes servicios. A continuaci\u00f3n te explicamos c\u00f3mo puedes conseguir tu presupuesto a medida:<\/p>\n<p style=\"text-align: center;\">1. El primer paso es elegir el lugar de celebraci\u00f3n. Trabajamos con los locales, restaurantes y hoteles m\u00e1s bonitos de la Costa Blanca y la Costa C\u00e1lida. En nuestro cat\u00e1logo puedes ver todos los detalles, como capacidad, ubicaci\u00f3n, zonas, etc. Si no est\u00e1s seguro de qu\u00e9 local quieres y quieres asesoramiento profesional, contacta con nosotros.<\/p>\n<p style=\"text-align: center;\">2. Ahora ya sabes d\u00f3nde quieres casarte. \u00a1Es el momento de la comida! En cada local ver\u00e1s hasta cuatro opciones de men\u00fa diferentes. Cada uno consta de aperitivos fr\u00edos y calientes para el c\u00f3ctel, un \u00fanico entrante en mesa, plato principal, postres, bodega y bebidas. Elige el que quieras para sorprender a tus invitados y nosotros nos encargaremos de ello. La gastronom\u00eda mediterr\u00e1nea es nuestra especialidad, por lo que disfrutar\u00e1s de las exquisiteces de la cocina espa\u00f1ola con lo que te toque.<\/p>\n<p style=\"text-align: center;\">3. \u00bfQuieres a\u00f1adir algunos extras? Oficiante de bodas, opciones de entretenimiento, arreglos florales, peluquer\u00eda y maquillaje, medios de comunicaci\u00f3n, barra libre&#8230; Te ofrecemos todos los servicios que puedas necesitar para tu d\u00eda especial. Marca los que prefieras y lo a\u00f1adiremos a tu presupuesto personalizado.<\/p>\n<p style=\"text-align: center;\">4. \u00bfCu\u00e1ntas personas tendremos el placer de acoger? Poner el n\u00famero de invitados es el \u00faltimo paso para obtener el precio.<\/p>\n<p style=\"text-align: center;\">\u00a1Ahora ya tienes tu presupuesto con todas las opciones que quieras! No te olvides de rellenar el formulario con tus datos de contacto y la hora de la boda y uno de nuestros organizadores de bodas profesionales se pondr\u00e1 en contacto contigo para concretar todos los detalles. \u00a1Estamos aqu\u00ed para darte la mejor boda que puedas imaginar!<\/p>\n","protected":false},"excerpt":{"rendered":"<p>\u00a1Cree su propio paquete de bodas en Espa\u00f1a y no se pierda nada! Somos organizadores de bodas profesionales con experiencia y recursos para personalizar tu boda a tu gusto, cuidando cada peque\u00f1o detalle y dando vida a cada una de tus ideas para una celebraci\u00f3n \u00fanica. \u00bfBuscas una experiencia \u00fanica y personalizada? Ahora puede preparar&#8230;  <a href=\"https:\/\/www.thewedery.com\/es\/the-packs\/\" class=\"more-link\" title=\"Read The Packs\">Read more &raquo;<\/a><\/p>\n","protected":false},"author":1,"featured_media":0,"parent":0,"menu_order":42,"comment_status":"closed","ping_status":"closed","template":"","meta":{"footnotes":""},"class_list":["post-314","page","type-page","status-publish","hentry"],"yoast_head":"<!-- This site is optimized with the Yoast SEO plugin v24.6 - https:\/\/yoast.com\/wordpress\/plugins\/seo\/ -->\n<title>Paquetes para bodas con todo incluido. Varias opciones | The Wedery<\/title>\n<meta name=\"description\" content=\"Ofrecemos diferentes paquetes para bodas. Descubre nuestros paquetes de wedding planner, dise\u00f1ados para que no falte ni un detalle en tu d\u00eda especial.\" \/>\n<meta name=\"robots\" content=\"index, follow, max-snippet:-1, max-image-preview:large, max-video-preview:-1\" \/>\n<link rel=\"canonical\" href=\"https:\/\/www.thewedery.com\/es\/the-packs\/\" \/>\n<meta property=\"og:locale\" content=\"es_ES\" \/>\n<meta property=\"og:type\" content=\"article\" \/>\n<meta property=\"og:title\" content=\"Paquetes para bodas con todo incluido. Varias opciones | The Wedery\" \/>\n<meta property=\"og:description\" content=\"Ofrecemos diferentes paquetes para bodas. Descubre nuestros paquetes de wedding planner, dise\u00f1ados para que no falte ni un detalle en tu d\u00eda especial.\" \/>\n<meta property=\"og:url\" content=\"https:\/\/www.thewedery.com\/es\/the-packs\/\" \/>\n<meta property=\"og:site_name\" content=\"The Wedery\" \/>\n<meta property=\"article:modified_time\" content=\"2022-05-02T14:12:22+00:00\" \/>\n<meta name=\"twitter:label1\" content=\"Tiempo de lectura\" \/>\n\t<meta name=\"twitter:data1\" content=\"2 minutos\" \/>\n<script type=\"application\/ld+json\" class=\"yoast-schema-graph\">{\"@context\":\"https:\/\/schema.org\",\"@graph\":[{\"@type\":\"WebPage\",\"@id\":\"https:\/\/www.thewedery.com\/es\/the-packs\/\",\"url\":\"https:\/\/www.thewedery.com\/es\/the-packs\/\",\"name\":\"Paquetes para bodas con todo incluido. Varias opciones | The Wedery\",\"isPartOf\":{\"@id\":\"https:\/\/www.thewedery.com\/#website\"},\"datePublished\":\"2016-02-16T16:44:57+00:00\",\"dateModified\":\"2022-05-02T14:12:22+00:00\",\"description\":\"Ofrecemos diferentes paquetes para bodas. Descubre nuestros paquetes de wedding planner, dise\u00f1ados para que no falte ni un detalle en tu d\u00eda especial.\",\"breadcrumb\":{\"@id\":\"https:\/\/www.thewedery.com\/es\/the-packs\/#breadcrumb\"},\"inLanguage\":\"es\",\"potentialAction\":[{\"@type\":\"ReadAction\",\"target\":[\"https:\/\/www.thewedery.com\/es\/the-packs\/\"]}]},{\"@type\":\"BreadcrumbList\",\"@id\":\"https:\/\/www.thewedery.com\/es\/the-packs\/#breadcrumb\",\"itemListElement\":[{\"@type\":\"ListItem\",\"position\":1,\"name\":\"Home\",\"item\":\"https:\/\/www.thewedery.com\/es\/\"},{\"@type\":\"ListItem\",\"position\":2,\"name\":\"The Packs\"}]},{\"@type\":\"WebSite\",\"@id\":\"https:\/\/www.thewedery.com\/#website\",\"url\":\"https:\/\/www.thewedery.com\/\",\"name\":\"The Wedery\",\"description\":\"Eventos sociales y corporativos en Alicante\",\"publisher\":{\"@id\":\"https:\/\/www.thewedery.com\/#organization\"},\"potentialAction\":[{\"@type\":\"SearchAction\",\"target\":{\"@type\":\"EntryPoint\",\"urlTemplate\":\"https:\/\/www.thewedery.com\/?s={search_term_string}\"},\"query-input\":{\"@type\":\"PropertyValueSpecification\",\"valueRequired\":true,\"valueName\":\"search_term_string\"}}],\"inLanguage\":\"es\"},{\"@type\":\"Organization\",\"@id\":\"https:\/\/www.thewedery.com\/#organization\",\"name\":\"The Wedery\",\"url\":\"https:\/\/www.thewedery.com\/\",\"logo\":{\"@type\":\"ImageObject\",\"inLanguage\":\"es\",\"@id\":\"https:\/\/www.thewedery.com\/#\/schema\/logo\/image\/\",\"url\":\"https:\/\/www.thewedery.com\/wp\/wp-content\/uploads\/2022\/03\/logo-admin.svg\",\"contentUrl\":\"https:\/\/www.thewedery.com\/wp\/wp-content\/uploads\/2022\/03\/logo-admin.svg\",\"caption\":\"The Wedery\"},\"image\":{\"@id\":\"https:\/\/www.thewedery.com\/#\/schema\/logo\/image\/\"}}]}<\/script>\n<!-- \/ Yoast SEO plugin. -->","yoast_head_json":{"title":"Paquetes para bodas con todo incluido. Varias opciones | The Wedery","description":"Ofrecemos diferentes paquetes para bodas. Descubre nuestros paquetes de wedding planner, dise\u00f1ados para que no falte ni un detalle en tu d\u00eda especial.","robots":{"index":"index","follow":"follow","max-snippet":"max-snippet:-1","max-image-preview":"max-image-preview:large","max-video-preview":"max-video-preview:-1"},"canonical":"https:\/\/www.thewedery.com\/es\/the-packs\/","og_locale":"es_ES","og_type":"article","og_title":"Paquetes para bodas con todo incluido. Varias opciones | The Wedery","og_description":"Ofrecemos diferentes paquetes para bodas. Descubre nuestros paquetes de wedding planner, dise\u00f1ados para que no falte ni un detalle en tu d\u00eda especial.","og_url":"https:\/\/www.thewedery.com\/es\/the-packs\/","og_site_name":"The Wedery","article_modified_time":"2022-05-02T14:12:22+00:00","twitter_misc":{"Tiempo de lectura":"2 minutos"},"schema":{"@context":"https:\/\/schema.org","@graph":[{"@type":"WebPage","@id":"https:\/\/www.thewedery.com\/es\/the-packs\/","url":"https:\/\/www.thewedery.com\/es\/the-packs\/","name":"Paquetes para bodas con todo incluido. Varias opciones | The Wedery","isPartOf":{"@id":"https:\/\/www.thewedery.com\/#website"},"datePublished":"2016-02-16T16:44:57+00:00","dateModified":"2022-05-02T14:12:22+00:00","description":"Ofrecemos diferentes paquetes para bodas. Descubre nuestros paquetes de wedding planner, dise\u00f1ados para que no falte ni un detalle en tu d\u00eda especial.","breadcrumb":{"@id":"https:\/\/www.thewedery.com\/es\/the-packs\/#breadcrumb"},"inLanguage":"es","potentialAction":[{"@type":"ReadAction","target":["https:\/\/www.thewedery.com\/es\/the-packs\/"]}]},{"@type":"BreadcrumbList","@id":"https:\/\/www.thewedery.com\/es\/the-packs\/#breadcrumb","itemListElement":[{"@type":"ListItem","position":1,"name":"Home","item":"https:\/\/www.thewedery.com\/es\/"},{"@type":"ListItem","position":2,"name":"The Packs"}]},{"@type":"WebSite","@id":"https:\/\/www.thewedery.com\/#website","url":"https:\/\/www.thewedery.com\/","name":"The Wedery","description":"Eventos sociales y corporativos en Alicante","publisher":{"@id":"https:\/\/www.thewedery.com\/#organization"},"potentialAction":[{"@type":"SearchAction","target":{"@type":"EntryPoint","urlTemplate":"https:\/\/www.thewedery.com\/?s={search_term_string}"},"query-input":{"@type":"PropertyValueSpecification","valueRequired":true,"valueName":"search_term_string"}}],"inLanguage":"es"},{"@type":"Organization","@id":"https:\/\/www.thewedery.com\/#organization","name":"The Wedery","url":"https:\/\/www.thewedery.com\/","logo":{"@type":"ImageObject","inLanguage":"es","@id":"https:\/\/www.thewedery.com\/#\/schema\/logo\/image\/","url":"https:\/\/www.thewedery.com\/wp\/wp-content\/uploads\/2022\/03\/logo-admin.svg","contentUrl":"https:\/\/www.thewedery.com\/wp\/wp-content\/uploads\/2022\/03\/logo-admin.svg","caption":"The Wedery"},"image":{"@id":"https:\/\/www.thewedery.com\/#\/schema\/logo\/image\/"}}]}},"_links":{"self":[{"href":"https:\/\/www.thewedery.com\/es\/wp-json\/wp\/v2\/pages\/314"}],"collection":[{"href":"https:\/\/www.thewedery.com\/es\/wp-json\/wp\/v2\/pages"}],"about":[{"href":"https:\/\/www.thewedery.com\/es\/wp-json\/wp\/v2\/types\/page"}],"author":[{"embeddable":true,"href":"https:\/\/www.thewedery.com\/es\/wp-json\/wp\/v2\/users\/1"}],"replies":[{"embeddable":true,"href":"https:\/\/www.thewedery.com\/es\/wp-json\/wp\/v2\/comments?post=314"}],"version-history":[{"count":7,"href":"https:\/\/www.thewedery.com\/es\/wp-json\/wp\/v2\/pages\/314\/revisions"}],"predecessor-version":[{"id":3918,"href":"https:\/\/www.thewedery.com\/es\/wp-json\/wp\/v2\/pages\/314\/revisions\/3918"}],"wp:attachment":[{"href":"https:\/\/www.thewedery.com\/es\/wp-json\/wp\/v2\/media?parent=314"}],"curies":[{"name":"wp","href":"https:\/\/api.w.org\/{rel}","templated":true}]}}