{"id":150,"date":"2016-02-09T15:05:02","date_gmt":"2016-02-09T15:05:02","guid":{"rendered":"http:\/\/local.adorapruebas.com:8888\/wedery\/htdocs\/?page_id=150"},"modified":"2024-06-19T14:40:47","modified_gmt":"2024-06-19T13:40:47","slug":"the-wedmin","status":"publish","type":"page","link":"https:\/\/www.thewedery.com\/es\/the-wedmin\/","title":{"rendered":"Organizador de bodas"},"content":{"rendered":"<p class=\"lead\">En The Wedery somos un organizador de bodas de estilo mediterr\u00e1neo. Nuestro equipo de profesionales con gran recorrido lograr\u00e1 crear el espacio de tus sue\u00f1os para el d\u00eda m\u00e1s especial de vuestras vidas.<\/p>\n<p>El equipo de planificadores de boda de The Wedery se ocupar\u00e1 con mimo y cari\u00f1o de cada uno de los detalles para que el evento sea perfecto e inolvidable. Consigue una boda de ensue\u00f1o con aire mediterr\u00e1neo en la Costa Blanca, Murcia o interior.<\/p>\n<p>Si buscas un organizador de bodas, contacta con nosotros y empezaremos a trabajar en tu d\u00eda especial lo antes posible.<\/p>\n","protected":false},"excerpt":{"rendered":"<p>En The Wedery somos un organizador de bodas de estilo mediterr\u00e1neo. Nuestro equipo de profesionales con gran recorrido lograr\u00e1 crear el espacio de tus sue\u00f1os para el d\u00eda m\u00e1s especial de vuestras vidas. El equipo de planificadores de boda de The Wedery se ocupar\u00e1 con mimo y cari\u00f1o de cada uno de los detalles para&#8230;  <a href=\"https:\/\/www.thewedery.com\/es\/the-wedmin\/\" class=\"more-link\" title=\"Read Organizador de bodas\">Read more &raquo;<\/a><\/p>\n","protected":false},"author":1,"featured_media":0,"parent":0,"menu_order":21,"comment_status":"closed","ping_status":"closed","template":"","meta":{"footnotes":""},"class_list":["post-150","page","type-page","status-publish","hentry"],"yoast_head":"<!-- This site is optimized with the Yoast SEO plugin v24.6 - https:\/\/yoast.com\/wordpress\/plugins\/seo\/ -->\n<title>Organizadores de bodas. Nos ocupamos de todo | The Wedery<\/title>\n<meta name=\"description\" content=\"\u00bfNecesitas un planificador para tu boda? Tenemos 25 a\u00f1os de experiencia en la organizaci\u00f3n de bodas de estilo mediterr\u00e1neo en la Costa Blanca e interior.\" \/>\n<meta name=\"robots\" content=\"index, follow, max-snippet:-1, max-image-preview:large, max-video-preview:-1\" \/>\n<link rel=\"canonical\" href=\"https:\/\/www.thewedery.com\/es\/the-wedmin\/\" \/>\n<meta property=\"og:locale\" content=\"es_ES\" \/>\n<meta property=\"og:type\" content=\"article\" \/>\n<meta property=\"og:title\" content=\"Organizadores de bodas. Nos ocupamos de todo | The Wedery\" \/>\n<meta property=\"og:description\" content=\"\u00bfNecesitas un planificador para tu boda? Tenemos 25 a\u00f1os de experiencia en la organizaci\u00f3n de bodas de estilo mediterr\u00e1neo en la Costa Blanca e interior.\" \/>\n<meta property=\"og:url\" content=\"https:\/\/www.thewedery.com\/es\/the-wedmin\/\" \/>\n<meta property=\"og:site_name\" content=\"The Wedery\" \/>\n<meta property=\"article:modified_time\" content=\"2024-06-19T13:40:47+00:00\" \/>\n<meta name=\"twitter:label1\" content=\"Tiempo de lectura\" \/>\n\t<meta name=\"twitter:data1\" content=\"1 minuto\" \/>\n<script type=\"application\/ld+json\" class=\"yoast-schema-graph\">{\"@context\":\"https:\/\/schema.org\",\"@graph\":[{\"@type\":\"WebPage\",\"@id\":\"https:\/\/www.thewedery.com\/es\/the-wedmin\/\",\"url\":\"https:\/\/www.thewedery.com\/es\/the-wedmin\/\",\"name\":\"Organizadores de bodas. Nos ocupamos de todo | The Wedery\",\"isPartOf\":{\"@id\":\"https:\/\/www.thewedery.com\/#website\"},\"datePublished\":\"2016-02-09T15:05:02+00:00\",\"dateModified\":\"2024-06-19T13:40:47+00:00\",\"description\":\"\u00bfNecesitas un planificador para tu boda? Tenemos 25 a\u00f1os de experiencia en la organizaci\u00f3n de bodas de estilo mediterr\u00e1neo en la Costa Blanca e interior.\",\"breadcrumb\":{\"@id\":\"https:\/\/www.thewedery.com\/es\/the-wedmin\/#breadcrumb\"},\"inLanguage\":\"es\",\"potentialAction\":[{\"@type\":\"ReadAction\",\"target\":[\"https:\/\/www.thewedery.com\/es\/the-wedmin\/\"]}]},{\"@type\":\"BreadcrumbList\",\"@id\":\"https:\/\/www.thewedery.com\/es\/the-wedmin\/#breadcrumb\",\"itemListElement\":[{\"@type\":\"ListItem\",\"position\":1,\"name\":\"Home\",\"item\":\"https:\/\/www.thewedery.com\/es\/\"},{\"@type\":\"ListItem\",\"position\":2,\"name\":\"Organizador de bodas\"}]},{\"@type\":\"WebSite\",\"@id\":\"https:\/\/www.thewedery.com\/#website\",\"url\":\"https:\/\/www.thewedery.com\/\",\"name\":\"The Wedery\",\"description\":\"Eventos sociales y corporativos en Alicante\",\"publisher\":{\"@id\":\"https:\/\/www.thewedery.com\/#organization\"},\"potentialAction\":[{\"@type\":\"SearchAction\",\"target\":{\"@type\":\"EntryPoint\",\"urlTemplate\":\"https:\/\/www.thewedery.com\/?s={search_term_string}\"},\"query-input\":{\"@type\":\"PropertyValueSpecification\",\"valueRequired\":true,\"valueName\":\"search_term_string\"}}],\"inLanguage\":\"es\"},{\"@type\":\"Organization\",\"@id\":\"https:\/\/www.thewedery.com\/#organization\",\"name\":\"The Wedery\",\"url\":\"https:\/\/www.thewedery.com\/\",\"logo\":{\"@type\":\"ImageObject\",\"inLanguage\":\"es\",\"@id\":\"https:\/\/www.thewedery.com\/#\/schema\/logo\/image\/\",\"url\":\"https:\/\/www.thewedery.com\/wp\/wp-content\/uploads\/2022\/03\/logo-admin.svg\",\"contentUrl\":\"https:\/\/www.thewedery.com\/wp\/wp-content\/uploads\/2022\/03\/logo-admin.svg\",\"caption\":\"The Wedery\"},\"image\":{\"@id\":\"https:\/\/www.thewedery.com\/#\/schema\/logo\/image\/\"}}]}<\/script>\n<!-- \/ Yoast SEO plugin. -->","yoast_head_json":{"title":"Organizadores de bodas. Nos ocupamos de todo | The Wedery","description":"\u00bfNecesitas un planificador para tu boda? Tenemos 25 a\u00f1os de experiencia en la organizaci\u00f3n de bodas de estilo mediterr\u00e1neo en la Costa Blanca e interior.","robots":{"index":"index","follow":"follow","max-snippet":"max-snippet:-1","max-image-preview":"max-image-preview:large","max-video-preview":"max-video-preview:-1"},"canonical":"https:\/\/www.thewedery.com\/es\/the-wedmin\/","og_locale":"es_ES","og_type":"article","og_title":"Organizadores de bodas. Nos ocupamos de todo | The Wedery","og_description":"\u00bfNecesitas un planificador para tu boda? Tenemos 25 a\u00f1os de experiencia en la organizaci\u00f3n de bodas de estilo mediterr\u00e1neo en la Costa Blanca e interior.","og_url":"https:\/\/www.thewedery.com\/es\/the-wedmin\/","og_site_name":"The Wedery","article_modified_time":"2024-06-19T13:40:47+00:00","twitter_misc":{"Tiempo de lectura":"1 minuto"},"schema":{"@context":"https:\/\/schema.org","@graph":[{"@type":"WebPage","@id":"https:\/\/www.thewedery.com\/es\/the-wedmin\/","url":"https:\/\/www.thewedery.com\/es\/the-wedmin\/","name":"Organizadores de bodas. Nos ocupamos de todo | The Wedery","isPartOf":{"@id":"https:\/\/www.thewedery.com\/#website"},"datePublished":"2016-02-09T15:05:02+00:00","dateModified":"2024-06-19T13:40:47+00:00","description":"\u00bfNecesitas un planificador para tu boda? Tenemos 25 a\u00f1os de experiencia en la organizaci\u00f3n de bodas de estilo mediterr\u00e1neo en la Costa Blanca e interior.","breadcrumb":{"@id":"https:\/\/www.thewedery.com\/es\/the-wedmin\/#breadcrumb"},"inLanguage":"es","potentialAction":[{"@type":"ReadAction","target":["https:\/\/www.thewedery.com\/es\/the-wedmin\/"]}]},{"@type":"BreadcrumbList","@id":"https:\/\/www.thewedery.com\/es\/the-wedmin\/#breadcrumb","itemListElement":[{"@type":"ListItem","position":1,"name":"Home","item":"https:\/\/www.thewedery.com\/es\/"},{"@type":"ListItem","position":2,"name":"Organizador de bodas"}]},{"@type":"WebSite","@id":"https:\/\/www.thewedery.com\/#website","url":"https:\/\/www.thewedery.com\/","name":"The Wedery","description":"Eventos sociales y corporativos en Alicante","publisher":{"@id":"https:\/\/www.thewedery.com\/#organization"},"potentialAction":[{"@type":"SearchAction","target":{"@type":"EntryPoint","urlTemplate":"https:\/\/www.thewedery.com\/?s={search_term_string}"},"query-input":{"@type":"PropertyValueSpecification","valueRequired":true,"valueName":"search_term_string"}}],"inLanguage":"es"},{"@type":"Organization","@id":"https:\/\/www.thewedery.com\/#organization","name":"The Wedery","url":"https:\/\/www.thewedery.com\/","logo":{"@type":"ImageObject","inLanguage":"es","@id":"https:\/\/www.thewedery.com\/#\/schema\/logo\/image\/","url":"https:\/\/www.thewedery.com\/wp\/wp-content\/uploads\/2022\/03\/logo-admin.svg","contentUrl":"https:\/\/www.thewedery.com\/wp\/wp-content\/uploads\/2022\/03\/logo-admin.svg","caption":"The Wedery"},"image":{"@id":"https:\/\/www.thewedery.com\/#\/schema\/logo\/image\/"}}]}},"_links":{"self":[{"href":"https:\/\/www.thewedery.com\/es\/wp-json\/wp\/v2\/pages\/150"}],"collection":[{"href":"https:\/\/www.thewedery.com\/es\/wp-json\/wp\/v2\/pages"}],"about":[{"href":"https:\/\/www.thewedery.com\/es\/wp-json\/wp\/v2\/types\/page"}],"author":[{"embeddable":true,"href":"https:\/\/www.thewedery.com\/es\/wp-json\/wp\/v2\/users\/1"}],"replies":[{"embeddable":true,"href":"https:\/\/www.thewedery.com\/es\/wp-json\/wp\/v2\/comments?post=150"}],"version-history":[{"count":4,"href":"https:\/\/www.thewedery.com\/es\/wp-json\/wp\/v2\/pages\/150\/revisions"}],"predecessor-version":[{"id":3189,"href":"https:\/\/www.thewedery.com\/es\/wp-json\/wp\/v2\/pages\/150\/revisions\/3189"}],"wp:attachment":[{"href":"https:\/\/www.thewedery.com\/es\/wp-json\/wp\/v2\/media?parent=150"}],"curies":[{"name":"wp","href":"https:\/\/api.w.org\/{rel}","templated":true}]}}