{"id":119,"date":"2016-02-09T11:01:10","date_gmt":"2016-02-09T11:01:10","guid":{"rendered":"http:\/\/local.adorapruebas.com:8888\/wedery\/htdocs\/?page_id=119"},"modified":"2021-08-02T11:52:46","modified_gmt":"2021-08-02T11:52:46","slug":"blog","status":"publish","type":"page","link":"https:\/\/www.thewedery.com\/es\/blog\/","title":{"rendered":"The Wedery Blog"},"content":{"rendered":"<p class=\"lead\">En este espacio encontrar\u00e1s todas las ideas e inspiraci\u00f3n que utilizamos para organizar bodas especiales y \u00fanicas en el Mediterr\u00e1neo.<\/p>\n","protected":false},"excerpt":{"rendered":"<p>En este espacio encontrar\u00e1s todas las ideas e inspiraci\u00f3n que utilizamos para organizar bodas especiales y \u00fanicas en el Mediterr\u00e1neo.<\/p>\n","protected":false},"author":1,"featured_media":0,"parent":0,"menu_order":46,"comment_status":"closed","ping_status":"closed","template":"","meta":{"footnotes":""},"class_list":["post-119","page","type-page","status-publish","hentry"],"yoast_head":"<!-- This site is optimized with the Yoast SEO plugin v24.6 - https:\/\/yoast.com\/wordpress\/plugins\/seo\/ -->\n<title>The Wedery Blog. \u00daltimas tendencias en bodas en el Mediterr\u00e1neo | The Wedery<\/title>\n<meta name=\"description\" content=\"Descubre las \u00faltimas noticias y algunas ideas sobre las tendencias que nos inspiran en la organizaci\u00f3n de bodas. \u00a1Sigue nuestro blog y no te pierdas nada!\" \/>\n<meta name=\"robots\" content=\"index, follow, max-snippet:-1, max-image-preview:large, max-video-preview:-1\" \/>\n<link rel=\"canonical\" href=\"https:\/\/www.thewedery.com\/es\/blog\/\" \/>\n<meta property=\"og:locale\" content=\"es_ES\" \/>\n<meta property=\"og:type\" content=\"article\" \/>\n<meta property=\"og:title\" content=\"The Wedery Blog. \u00daltimas tendencias en bodas en el Mediterr\u00e1neo | The Wedery\" \/>\n<meta property=\"og:description\" content=\"Descubre las \u00faltimas noticias y algunas ideas sobre las tendencias que nos inspiran en la organizaci\u00f3n de bodas. \u00a1Sigue nuestro blog y no te pierdas nada!\" \/>\n<meta property=\"og:url\" content=\"https:\/\/www.thewedery.com\/es\/blog\/\" \/>\n<meta property=\"og:site_name\" content=\"The Wedery\" \/>\n<meta property=\"article:modified_time\" content=\"2021-08-02T11:52:46+00:00\" \/>\n<script type=\"application\/ld+json\" class=\"yoast-schema-graph\">{\"@context\":\"https:\/\/schema.org\",\"@graph\":[{\"@type\":\"WebPage\",\"@id\":\"https:\/\/www.thewedery.com\/es\/blog\/\",\"url\":\"https:\/\/www.thewedery.com\/es\/blog\/\",\"name\":\"The Wedery Blog. \u00daltimas tendencias en bodas en el Mediterr\u00e1neo | The Wedery\",\"isPartOf\":{\"@id\":\"https:\/\/www.thewedery.com\/#website\"},\"datePublished\":\"2016-02-09T11:01:10+00:00\",\"dateModified\":\"2021-08-02T11:52:46+00:00\",\"description\":\"Descubre las \u00faltimas noticias y algunas ideas sobre las tendencias que nos inspiran en la organizaci\u00f3n de bodas. \u00a1Sigue nuestro blog y no te pierdas nada!\",\"breadcrumb\":{\"@id\":\"https:\/\/www.thewedery.com\/es\/blog\/#breadcrumb\"},\"inLanguage\":\"es\",\"potentialAction\":[{\"@type\":\"ReadAction\",\"target\":[\"https:\/\/www.thewedery.com\/es\/blog\/\"]}]},{\"@type\":\"BreadcrumbList\",\"@id\":\"https:\/\/www.thewedery.com\/es\/blog\/#breadcrumb\",\"itemListElement\":[{\"@type\":\"ListItem\",\"position\":1,\"name\":\"Home\",\"item\":\"https:\/\/www.thewedery.com\/es\/\"},{\"@type\":\"ListItem\",\"position\":2,\"name\":\"The Wedery Blog\"}]},{\"@type\":\"WebSite\",\"@id\":\"https:\/\/www.thewedery.com\/#website\",\"url\":\"https:\/\/www.thewedery.com\/\",\"name\":\"The Wedery\",\"description\":\"Eventos sociales y corporativos en Alicante\",\"publisher\":{\"@id\":\"https:\/\/www.thewedery.com\/#organization\"},\"potentialAction\":[{\"@type\":\"SearchAction\",\"target\":{\"@type\":\"EntryPoint\",\"urlTemplate\":\"https:\/\/www.thewedery.com\/?s={search_term_string}\"},\"query-input\":{\"@type\":\"PropertyValueSpecification\",\"valueRequired\":true,\"valueName\":\"search_term_string\"}}],\"inLanguage\":\"es\"},{\"@type\":\"Organization\",\"@id\":\"https:\/\/www.thewedery.com\/#organization\",\"name\":\"The Wedery\",\"url\":\"https:\/\/www.thewedery.com\/\",\"logo\":{\"@type\":\"ImageObject\",\"inLanguage\":\"es\",\"@id\":\"https:\/\/www.thewedery.com\/#\/schema\/logo\/image\/\",\"url\":\"https:\/\/www.thewedery.com\/wp\/wp-content\/uploads\/2022\/03\/logo-admin.svg\",\"contentUrl\":\"https:\/\/www.thewedery.com\/wp\/wp-content\/uploads\/2022\/03\/logo-admin.svg\",\"caption\":\"The Wedery\"},\"image\":{\"@id\":\"https:\/\/www.thewedery.com\/#\/schema\/logo\/image\/\"}}]}<\/script>\n<!-- \/ Yoast SEO plugin. -->","yoast_head_json":{"title":"The Wedery Blog. \u00daltimas tendencias en bodas en el Mediterr\u00e1neo | The Wedery","description":"Descubre las \u00faltimas noticias y algunas ideas sobre las tendencias que nos inspiran en la organizaci\u00f3n de bodas. \u00a1Sigue nuestro blog y no te pierdas nada!","robots":{"index":"index","follow":"follow","max-snippet":"max-snippet:-1","max-image-preview":"max-image-preview:large","max-video-preview":"max-video-preview:-1"},"canonical":"https:\/\/www.thewedery.com\/es\/blog\/","og_locale":"es_ES","og_type":"article","og_title":"The Wedery Blog. \u00daltimas tendencias en bodas en el Mediterr\u00e1neo | The Wedery","og_description":"Descubre las \u00faltimas noticias y algunas ideas sobre las tendencias que nos inspiran en la organizaci\u00f3n de bodas. \u00a1Sigue nuestro blog y no te pierdas nada!","og_url":"https:\/\/www.thewedery.com\/es\/blog\/","og_site_name":"The Wedery","article_modified_time":"2021-08-02T11:52:46+00:00","schema":{"@context":"https:\/\/schema.org","@graph":[{"@type":"WebPage","@id":"https:\/\/www.thewedery.com\/es\/blog\/","url":"https:\/\/www.thewedery.com\/es\/blog\/","name":"The Wedery Blog. \u00daltimas tendencias en bodas en el Mediterr\u00e1neo | The Wedery","isPartOf":{"@id":"https:\/\/www.thewedery.com\/#website"},"datePublished":"2016-02-09T11:01:10+00:00","dateModified":"2021-08-02T11:52:46+00:00","description":"Descubre las \u00faltimas noticias y algunas ideas sobre las tendencias que nos inspiran en la organizaci\u00f3n de bodas. \u00a1Sigue nuestro blog y no te pierdas nada!","breadcrumb":{"@id":"https:\/\/www.thewedery.com\/es\/blog\/#breadcrumb"},"inLanguage":"es","potentialAction":[{"@type":"ReadAction","target":["https:\/\/www.thewedery.com\/es\/blog\/"]}]},{"@type":"BreadcrumbList","@id":"https:\/\/www.thewedery.com\/es\/blog\/#breadcrumb","itemListElement":[{"@type":"ListItem","position":1,"name":"Home","item":"https:\/\/www.thewedery.com\/es\/"},{"@type":"ListItem","position":2,"name":"The Wedery Blog"}]},{"@type":"WebSite","@id":"https:\/\/www.thewedery.com\/#website","url":"https:\/\/www.thewedery.com\/","name":"The Wedery","description":"Eventos sociales y corporativos en Alicante","publisher":{"@id":"https:\/\/www.thewedery.com\/#organization"},"potentialAction":[{"@type":"SearchAction","target":{"@type":"EntryPoint","urlTemplate":"https:\/\/www.thewedery.com\/?s={search_term_string}"},"query-input":{"@type":"PropertyValueSpecification","valueRequired":true,"valueName":"search_term_string"}}],"inLanguage":"es"},{"@type":"Organization","@id":"https:\/\/www.thewedery.com\/#organization","name":"The Wedery","url":"https:\/\/www.thewedery.com\/","logo":{"@type":"ImageObject","inLanguage":"es","@id":"https:\/\/www.thewedery.com\/#\/schema\/logo\/image\/","url":"https:\/\/www.thewedery.com\/wp\/wp-content\/uploads\/2022\/03\/logo-admin.svg","contentUrl":"https:\/\/www.thewedery.com\/wp\/wp-content\/uploads\/2022\/03\/logo-admin.svg","caption":"The Wedery"},"image":{"@id":"https:\/\/www.thewedery.com\/#\/schema\/logo\/image\/"}}]}},"_links":{"self":[{"href":"https:\/\/www.thewedery.com\/es\/wp-json\/wp\/v2\/pages\/119"}],"collection":[{"href":"https:\/\/www.thewedery.com\/es\/wp-json\/wp\/v2\/pages"}],"about":[{"href":"https:\/\/www.thewedery.com\/es\/wp-json\/wp\/v2\/types\/page"}],"author":[{"embeddable":true,"href":"https:\/\/www.thewedery.com\/es\/wp-json\/wp\/v2\/users\/1"}],"replies":[{"embeddable":true,"href":"https:\/\/www.thewedery.com\/es\/wp-json\/wp\/v2\/comments?post=119"}],"version-history":[{"count":3,"href":"https:\/\/www.thewedery.com\/es\/wp-json\/wp\/v2\/pages\/119\/revisions"}],"predecessor-version":[{"id":3196,"href":"https:\/\/www.thewedery.com\/es\/wp-json\/wp\/v2\/pages\/119\/revisions\/3196"}],"wp:attachment":[{"href":"https:\/\/www.thewedery.com\/es\/wp-json\/wp\/v2\/media?parent=119"}],"curies":[{"name":"wp","href":"https:\/\/api.w.org\/{rel}","templated":true}]}}