{"id":103,"date":"2016-02-08T13:11:37","date_gmt":"2016-02-08T13:11:37","guid":{"rendered":"http:\/\/local.adorapruebas.com:8888\/wedery\/htdocs\/?page_id=103"},"modified":"2019-05-29T17:59:50","modified_gmt":"2019-05-29T17:59:50","slug":"the-gallery","status":"publish","type":"page","link":"https:\/\/www.thewedery.com\/es\/the-gallery\/","title":{"rendered":"The Gallery"},"content":{"rendered":"","protected":false},"excerpt":{"rendered":"","protected":false},"author":1,"featured_media":107,"parent":0,"menu_order":41,"comment_status":"closed","ping_status":"closed","template":"","meta":{"footnotes":""},"class_list":["post-103","page","type-page","status-publish","has-post-thumbnail","hentry"],"yoast_head":"<!-- This site is optimized with the Yoast SEO plugin v24.6 - https:\/\/yoast.com\/wordpress\/plugins\/seo\/ -->\n<title>Testimonios y Ejemplos de bodas realizadas - The Wedery<\/title>\n<meta name=\"description\" content=\"Aqu\u00ed puede ver las im\u00e1genes de las bodas que hemos organizado. Se puede imaginar lo agradable que ser\u00e1 su d\u00eda de boda especial. Echar un vistazo a nuestro trabajo!\" \/>\n<meta name=\"robots\" content=\"index, follow, max-snippet:-1, max-image-preview:large, max-video-preview:-1\" \/>\n<link rel=\"canonical\" href=\"https:\/\/www.thewedery.com\/es\/the-gallery\/\" \/>\n<meta property=\"og:locale\" content=\"es_ES\" \/>\n<meta property=\"og:type\" content=\"article\" \/>\n<meta property=\"og:title\" content=\"Testimonios y Ejemplos de bodas realizadas - The Wedery\" \/>\n<meta property=\"og:description\" content=\"Aqu\u00ed puede ver las im\u00e1genes de las bodas que hemos organizado. Se puede imaginar lo agradable que ser\u00e1 su d\u00eda de boda especial. Echar un vistazo a nuestro trabajo!\" \/>\n<meta property=\"og:url\" content=\"https:\/\/www.thewedery.com\/es\/the-gallery\/\" \/>\n<meta property=\"og:site_name\" content=\"The Wedery\" \/>\n<meta property=\"article:modified_time\" content=\"2019-05-29T17:59:50+00:00\" \/>\n<meta property=\"og:image\" content=\"https:\/\/www.thewedery.com\/wp\/wp-content\/uploads\/2016\/02\/Captura-de-pantalla-2016-02-09-a-las-9.43.55.png\" \/>\n\t<meta property=\"og:image:width\" content=\"102\" \/>\n\t<meta property=\"og:image:height\" content=\"110\" \/>\n\t<meta property=\"og:image:type\" content=\"image\/png\" \/>\n<script type=\"application\/ld+json\" class=\"yoast-schema-graph\">{\"@context\":\"https:\/\/schema.org\",\"@graph\":[{\"@type\":\"WebPage\",\"@id\":\"https:\/\/www.thewedery.com\/es\/the-gallery\/\",\"url\":\"https:\/\/www.thewedery.com\/es\/the-gallery\/\",\"name\":\"Testimonios y Ejemplos de bodas realizadas - The Wedery\",\"isPartOf\":{\"@id\":\"https:\/\/www.thewedery.com\/#website\"},\"primaryImageOfPage\":{\"@id\":\"https:\/\/www.thewedery.com\/es\/the-gallery\/#primaryimage\"},\"image\":{\"@id\":\"https:\/\/www.thewedery.com\/es\/the-gallery\/#primaryimage\"},\"thumbnailUrl\":\"https:\/\/www.thewedery.com\/wp\/wp-content\/uploads\/2016\/02\/Captura-de-pantalla-2016-02-09-a-las-9.43.55.png\",\"datePublished\":\"2016-02-08T13:11:37+00:00\",\"dateModified\":\"2019-05-29T17:59:50+00:00\",\"description\":\"Aqu\u00ed puede ver las im\u00e1genes de las bodas que hemos organizado. Se puede imaginar lo agradable que ser\u00e1 su d\u00eda de boda especial. Echar un vistazo a nuestro trabajo!\",\"breadcrumb\":{\"@id\":\"https:\/\/www.thewedery.com\/es\/the-gallery\/#breadcrumb\"},\"inLanguage\":\"es\",\"potentialAction\":[{\"@type\":\"ReadAction\",\"target\":[\"https:\/\/www.thewedery.com\/es\/the-gallery\/\"]}]},{\"@type\":\"ImageObject\",\"inLanguage\":\"es\",\"@id\":\"https:\/\/www.thewedery.com\/es\/the-gallery\/#primaryimage\",\"url\":\"https:\/\/www.thewedery.com\/wp\/wp-content\/uploads\/2016\/02\/Captura-de-pantalla-2016-02-09-a-las-9.43.55.png\",\"contentUrl\":\"https:\/\/www.thewedery.com\/wp\/wp-content\/uploads\/2016\/02\/Captura-de-pantalla-2016-02-09-a-las-9.43.55.png\",\"width\":102,\"height\":110},{\"@type\":\"BreadcrumbList\",\"@id\":\"https:\/\/www.thewedery.com\/es\/the-gallery\/#breadcrumb\",\"itemListElement\":[{\"@type\":\"ListItem\",\"position\":1,\"name\":\"Home\",\"item\":\"https:\/\/www.thewedery.com\/es\/\"},{\"@type\":\"ListItem\",\"position\":2,\"name\":\"The Gallery\"}]},{\"@type\":\"WebSite\",\"@id\":\"https:\/\/www.thewedery.com\/#website\",\"url\":\"https:\/\/www.thewedery.com\/\",\"name\":\"The Wedery\",\"description\":\"Eventos sociales y corporativos en Alicante\",\"publisher\":{\"@id\":\"https:\/\/www.thewedery.com\/#organization\"},\"potentialAction\":[{\"@type\":\"SearchAction\",\"target\":{\"@type\":\"EntryPoint\",\"urlTemplate\":\"https:\/\/www.thewedery.com\/?s={search_term_string}\"},\"query-input\":{\"@type\":\"PropertyValueSpecification\",\"valueRequired\":true,\"valueName\":\"search_term_string\"}}],\"inLanguage\":\"es\"},{\"@type\":\"Organization\",\"@id\":\"https:\/\/www.thewedery.com\/#organization\",\"name\":\"The Wedery\",\"url\":\"https:\/\/www.thewedery.com\/\",\"logo\":{\"@type\":\"ImageObject\",\"inLanguage\":\"es\",\"@id\":\"https:\/\/www.thewedery.com\/#\/schema\/logo\/image\/\",\"url\":\"https:\/\/www.thewedery.com\/wp\/wp-content\/uploads\/2022\/03\/logo-admin.svg\",\"contentUrl\":\"https:\/\/www.thewedery.com\/wp\/wp-content\/uploads\/2022\/03\/logo-admin.svg\",\"caption\":\"The Wedery\"},\"image\":{\"@id\":\"https:\/\/www.thewedery.com\/#\/schema\/logo\/image\/\"}}]}<\/script>\n<!-- \/ Yoast SEO plugin. -->","yoast_head_json":{"title":"Testimonios y Ejemplos de bodas realizadas - The Wedery","description":"Aqu\u00ed puede ver las im\u00e1genes de las bodas que hemos organizado. Se puede imaginar lo agradable que ser\u00e1 su d\u00eda de boda especial. Echar un vistazo a nuestro trabajo!","robots":{"index":"index","follow":"follow","max-snippet":"max-snippet:-1","max-image-preview":"max-image-preview:large","max-video-preview":"max-video-preview:-1"},"canonical":"https:\/\/www.thewedery.com\/es\/the-gallery\/","og_locale":"es_ES","og_type":"article","og_title":"Testimonios y Ejemplos de bodas realizadas - The Wedery","og_description":"Aqu\u00ed puede ver las im\u00e1genes de las bodas que hemos organizado. Se puede imaginar lo agradable que ser\u00e1 su d\u00eda de boda especial. Echar un vistazo a nuestro trabajo!","og_url":"https:\/\/www.thewedery.com\/es\/the-gallery\/","og_site_name":"The Wedery","article_modified_time":"2019-05-29T17:59:50+00:00","og_image":[{"width":102,"height":110,"url":"https:\/\/www.thewedery.com\/wp\/wp-content\/uploads\/2016\/02\/Captura-de-pantalla-2016-02-09-a-las-9.43.55.png","type":"image\/png"}],"schema":{"@context":"https:\/\/schema.org","@graph":[{"@type":"WebPage","@id":"https:\/\/www.thewedery.com\/es\/the-gallery\/","url":"https:\/\/www.thewedery.com\/es\/the-gallery\/","name":"Testimonios y Ejemplos de bodas realizadas - The Wedery","isPartOf":{"@id":"https:\/\/www.thewedery.com\/#website"},"primaryImageOfPage":{"@id":"https:\/\/www.thewedery.com\/es\/the-gallery\/#primaryimage"},"image":{"@id":"https:\/\/www.thewedery.com\/es\/the-gallery\/#primaryimage"},"thumbnailUrl":"https:\/\/www.thewedery.com\/wp\/wp-content\/uploads\/2016\/02\/Captura-de-pantalla-2016-02-09-a-las-9.43.55.png","datePublished":"2016-02-08T13:11:37+00:00","dateModified":"2019-05-29T17:59:50+00:00","description":"Aqu\u00ed puede ver las im\u00e1genes de las bodas que hemos organizado. Se puede imaginar lo agradable que ser\u00e1 su d\u00eda de boda especial. Echar un vistazo a nuestro trabajo!","breadcrumb":{"@id":"https:\/\/www.thewedery.com\/es\/the-gallery\/#breadcrumb"},"inLanguage":"es","potentialAction":[{"@type":"ReadAction","target":["https:\/\/www.thewedery.com\/es\/the-gallery\/"]}]},{"@type":"ImageObject","inLanguage":"es","@id":"https:\/\/www.thewedery.com\/es\/the-gallery\/#primaryimage","url":"https:\/\/www.thewedery.com\/wp\/wp-content\/uploads\/2016\/02\/Captura-de-pantalla-2016-02-09-a-las-9.43.55.png","contentUrl":"https:\/\/www.thewedery.com\/wp\/wp-content\/uploads\/2016\/02\/Captura-de-pantalla-2016-02-09-a-las-9.43.55.png","width":102,"height":110},{"@type":"BreadcrumbList","@id":"https:\/\/www.thewedery.com\/es\/the-gallery\/#breadcrumb","itemListElement":[{"@type":"ListItem","position":1,"name":"Home","item":"https:\/\/www.thewedery.com\/es\/"},{"@type":"ListItem","position":2,"name":"The Gallery"}]},{"@type":"WebSite","@id":"https:\/\/www.thewedery.com\/#website","url":"https:\/\/www.thewedery.com\/","name":"The Wedery","description":"Eventos sociales y corporativos en Alicante","publisher":{"@id":"https:\/\/www.thewedery.com\/#organization"},"potentialAction":[{"@type":"SearchAction","target":{"@type":"EntryPoint","urlTemplate":"https:\/\/www.thewedery.com\/?s={search_term_string}"},"query-input":{"@type":"PropertyValueSpecification","valueRequired":true,"valueName":"search_term_string"}}],"inLanguage":"es"},{"@type":"Organization","@id":"https:\/\/www.thewedery.com\/#organization","name":"The Wedery","url":"https:\/\/www.thewedery.com\/","logo":{"@type":"ImageObject","inLanguage":"es","@id":"https:\/\/www.thewedery.com\/#\/schema\/logo\/image\/","url":"https:\/\/www.thewedery.com\/wp\/wp-content\/uploads\/2022\/03\/logo-admin.svg","contentUrl":"https:\/\/www.thewedery.com\/wp\/wp-content\/uploads\/2022\/03\/logo-admin.svg","caption":"The Wedery"},"image":{"@id":"https:\/\/www.thewedery.com\/#\/schema\/logo\/image\/"}}]}},"_links":{"self":[{"href":"https:\/\/www.thewedery.com\/es\/wp-json\/wp\/v2\/pages\/103"}],"collection":[{"href":"https:\/\/www.thewedery.com\/es\/wp-json\/wp\/v2\/pages"}],"about":[{"href":"https:\/\/www.thewedery.com\/es\/wp-json\/wp\/v2\/types\/page"}],"author":[{"embeddable":true,"href":"https:\/\/www.thewedery.com\/es\/wp-json\/wp\/v2\/users\/1"}],"replies":[{"embeddable":true,"href":"https:\/\/www.thewedery.com\/es\/wp-json\/wp\/v2\/comments?post=103"}],"version-history":[{"count":4,"href":"https:\/\/www.thewedery.com\/es\/wp-json\/wp\/v2\/pages\/103\/revisions"}],"predecessor-version":[{"id":628,"href":"https:\/\/www.thewedery.com\/es\/wp-json\/wp\/v2\/pages\/103\/revisions\/628"}],"wp:featuredmedia":[{"embeddable":true,"href":"https:\/\/www.thewedery.com\/es\/wp-json\/wp\/v2\/media\/107"}],"wp:attachment":[{"href":"https:\/\/www.thewedery.com\/es\/wp-json\/wp\/v2\/media?parent=103"}],"curies":[{"name":"wp","href":"https:\/\/api.w.org\/{rel}","templated":true}]}}